{"id":2,"date":"2025-07-27T10:13:27","date_gmt":"2025-07-27T10:13:27","guid":{"rendered":"http:\/\/deltaprodevent.fr\/?page_id=2"},"modified":"2025-09-18T15:43:07","modified_gmt":"2025-09-18T15:43:07","slug":"prest","status":"publish","type":"page","link":"https:\/\/deltaprodevent.fr\/index.php\/prest\/","title":{"rendered":"Prestations"},"content":{"rendered":"\n<p><strong>Delta Prod Event \u2013 Prestataire technique pour vos \u00e9v\u00e9nements<\/strong><\/p>\n\n\n\n<p>Bas\u00e9e en Bretagne, <strong>Delta Prod Event<\/strong> accompagne la r\u00e9ussite de vos \u00e9v\u00e9nements en assurant des prestations techniques compl\u00e8tes et sur mesure. Sp\u00e9cialis\u00e9e dans la <strong>sonorisation<\/strong>, l\u2019<strong>\u00e9clairage<\/strong>, la <strong>vid\u00e9oprojection<\/strong>, la <strong>structure sc\u00e9nique<\/strong> et la <strong>logistique technique<\/strong>, notre \u00e9quipe met son expertise au service de tous types de manifestations :<\/p>\n\n\n\n<div class=\"wp-block-group is-nowrap is-layout-flex wp-container-core-group-is-layout-ad2f72ca wp-block-group-is-layout-flex\">\n<p><strong>Concerts et spectacles vivants<\/strong><br>Nous assurons la couverture technique de vos concerts, festivals, spectacles et \u00e9v\u00e9nements musicaux, qu\u2019ils soient en int\u00e9rieur ou en plein air. Du petit plateau au grand \u00e9v\u00e9nement, nous adaptons nos moyens \u00e0 vos besoins pour garantir un son et une lumi\u00e8re de qualit\u00e9 professionnelle.<\/p>\n\n\n\n<p><\/p>\n<\/div>\n\n\n\n<div class=\"wp-block-group is-nowrap is-layout-flex wp-container-core-group-is-layout-ad2f72ca wp-block-group-is-layout-flex\">\n<p><strong>Conf\u00e9rences et s\u00e9minaires<\/strong><br>Pour vos prises de parole, tables rondes, colloques ou assembl\u00e9es, nous mettons en place un syst\u00e8me de diffusion clair et fiable, avec des micros sans fil, de la projection vid\u00e9o et un accompagnement technique discret mais efficace.<\/p>\n\n\n\n<p><\/p>\n<\/div>\n\n\n\n<p><strong>Salons, foires et expositions<\/strong><br>Nous vous proposons des solutions techniques pour valoriser vos stands ou animer vos espaces : \u00e9clairage de produits, diffusion sonore, projection de contenu visuel, etc.<\/p>\n\n\n\n<p><\/p>\n\n\n\n<p><strong>\u00c9v\u00e9nements priv\u00e9s et associatifs<\/strong><br>Mariages, f\u00eates d\u2019entreprise, soir\u00e9es associatives ou animations locales, nous vous apportons un service complet et personnalis\u00e9, du simple kit de location \u00e0 la r\u00e9gie technique int\u00e9grale.<\/p>\n\n\n\n<p><\/p>\n\n\n\n<p><strong>Bas\u00e9s \u00e0 Rennes, nous intervenons sur toute la Bretagne et au-del\u00e0.<\/strong><\/p>\n\n\n\n<p><a href=\"https:\/\/deltaprodevent.fr\/index.php\/contact\/\" data-type=\"page\" data-id=\"374\">Contactez-nous<\/a> pour construire ensemble un \u00e9v\u00e9nement \u00e0 votre image.<\/p>\n\n\n\n<figure class=\"wp-block-gallery has-nested-images columns-default is-cropped wp-block-gallery-1 is-layout-flex wp-block-gallery-is-layout-flex\"><\/figure>\n\n\n\n<div class=\"wp-block-jetpack-slideshow aligncenter\" data-effect=\"slide\" style=\"--aspect-ratio:calc(640 \/ 480)\"><div class=\"wp-block-jetpack-slideshow_container swiper-container\"><ul class=\"wp-block-jetpack-slideshow_swiper-wrapper swiper-wrapper\"><li class=\"wp-block-jetpack-slideshow_slide swiper-slide\"><figure><img loading=\"lazy\" decoding=\"async\" width=\"640\" height=\"480\" alt=\"\" class=\"wp-block-jetpack-slideshow_image wp-image-417\" data-id=\"417\" data-aspect-ratio=\"640 \/ 480\" src=\"https:\/\/deltaprodevent.fr\/wp-content\/uploads\/2025\/09\/telechargement.jpeg\" srcset=\"https:\/\/deltaprodevent.fr\/wp-content\/uploads\/2025\/09\/telechargement.jpeg 640w, https:\/\/deltaprodevent.fr\/wp-content\/uploads\/2025\/09\/telechargement-300x225.jpeg 300w, https:\/\/deltaprodevent.fr\/wp-content\/uploads\/2025\/09\/telechargement-250x188.jpeg 250w, https:\/\/deltaprodevent.fr\/wp-content\/uploads\/2025\/09\/telechargement-350x263.jpeg 350w\" sizes=\"auto, (max-width: 640px) 100vw, 640px\" \/><\/figure><\/li><li class=\"wp-block-jetpack-slideshow_slide swiper-slide\"><figure><img loading=\"lazy\" decoding=\"async\" width=\"640\" height=\"480\" alt=\"\" class=\"wp-block-jetpack-slideshow_image wp-image-401\" data-id=\"401\" data-aspect-ratio=\"640 \/ 480\" src=\"https:\/\/deltaprodevent.fr\/wp-content\/uploads\/2025\/09\/484999608_970756351921175_2602290547566509740_n.jpeg\" srcset=\"https:\/\/deltaprodevent.fr\/wp-content\/uploads\/2025\/09\/484999608_970756351921175_2602290547566509740_n.jpeg 640w, https:\/\/deltaprodevent.fr\/wp-content\/uploads\/2025\/09\/484999608_970756351921175_2602290547566509740_n-300x225.jpeg 300w, https:\/\/deltaprodevent.fr\/wp-content\/uploads\/2025\/09\/484999608_970756351921175_2602290547566509740_n-250x188.jpeg 250w, https:\/\/deltaprodevent.fr\/wp-content\/uploads\/2025\/09\/484999608_970756351921175_2602290547566509740_n-350x263.jpeg 350w\" sizes=\"auto, (max-width: 640px) 100vw, 640px\" \/><\/figure><\/li><li class=\"wp-block-jetpack-slideshow_slide swiper-slide\"><figure><img loading=\"lazy\" decoding=\"async\" width=\"2048\" height=\"1536\" alt=\"\" class=\"wp-block-jetpack-slideshow_image wp-image-405\" data-id=\"405\" data-aspect-ratio=\"2048 \/ 1536\" src=\"https:\/\/deltaprodevent.fr\/wp-content\/uploads\/2025\/09\/68d46fcd-9073-4aa9-a4b7-28783b47fb64.jpeg\" srcset=\"https:\/\/deltaprodevent.fr\/wp-content\/uploads\/2025\/09\/68d46fcd-9073-4aa9-a4b7-28783b47fb64.jpeg 2048w, https:\/\/deltaprodevent.fr\/wp-content\/uploads\/2025\/09\/68d46fcd-9073-4aa9-a4b7-28783b47fb64-300x225.jpeg 300w, https:\/\/deltaprodevent.fr\/wp-content\/uploads\/2025\/09\/68d46fcd-9073-4aa9-a4b7-28783b47fb64-1024x768.jpeg 1024w, https:\/\/deltaprodevent.fr\/wp-content\/uploads\/2025\/09\/68d46fcd-9073-4aa9-a4b7-28783b47fb64-768x576.jpeg 768w, https:\/\/deltaprodevent.fr\/wp-content\/uploads\/2025\/09\/68d46fcd-9073-4aa9-a4b7-28783b47fb64-1536x1152.jpeg 1536w, https:\/\/deltaprodevent.fr\/wp-content\/uploads\/2025\/09\/68d46fcd-9073-4aa9-a4b7-28783b47fb64-250x188.jpeg 250w, https:\/\/deltaprodevent.fr\/wp-content\/uploads\/2025\/09\/68d46fcd-9073-4aa9-a4b7-28783b47fb64-350x263.jpeg 350w\" sizes=\"auto, (max-width: 767px) 89vw, (max-width: 1000px) 54vw, (max-width: 1071px) 543px, 580px\" \/><\/figure><\/li><li class=\"wp-block-jetpack-slideshow_slide swiper-slide\"><figure><img loading=\"lazy\" decoding=\"async\" width=\"640\" height=\"480\" alt=\"\" class=\"wp-block-jetpack-slideshow_image wp-image-414\" data-id=\"414\" data-aspect-ratio=\"640 \/ 480\" src=\"https:\/\/deltaprodevent.fr\/wp-content\/uploads\/2025\/09\/486404558_1402525864448028_9214020360193013812_n.jpeg\" srcset=\"https:\/\/deltaprodevent.fr\/wp-content\/uploads\/2025\/09\/486404558_1402525864448028_9214020360193013812_n.jpeg 640w, https:\/\/deltaprodevent.fr\/wp-content\/uploads\/2025\/09\/486404558_1402525864448028_9214020360193013812_n-300x225.jpeg 300w, https:\/\/deltaprodevent.fr\/wp-content\/uploads\/2025\/09\/486404558_1402525864448028_9214020360193013812_n-250x188.jpeg 250w, https:\/\/deltaprodevent.fr\/wp-content\/uploads\/2025\/09\/486404558_1402525864448028_9214020360193013812_n-350x263.jpeg 350w\" sizes=\"auto, (max-width: 640px) 100vw, 640px\" \/><\/figure><\/li><\/ul><a class=\"wp-block-jetpack-slideshow_button-prev swiper-button-prev swiper-button-white\" role=\"button\"><\/a><a class=\"wp-block-jetpack-slideshow_button-next swiper-button-next swiper-button-white\" role=\"button\"><\/a><a aria-label=\"Pause Slideshow\" class=\"wp-block-jetpack-slideshow_button-pause\" role=\"button\"><\/a><div class=\"wp-block-jetpack-slideshow_pagination swiper-pagination swiper-pagination-white\"><\/div><\/div><\/div>\n","protected":false},"excerpt":{"rendered":"<p>Delta Prod Event \u2013 Prestataire technique pour vos \u00e9v\u00e9nements Bas\u00e9e en Bretagne, Delta Prod Event accompagne la r\u00e9ussite de vos \u00e9v\u00e9nements en assurant des prestations techniques compl\u00e8tes et sur mesure. Sp\u00e9cialis\u00e9e dans la sonorisation, l\u2019\u00e9clairage, la vid\u00e9oprojection, la structure sc\u00e9nique et la logistique technique, notre \u00e9quipe met son expertise au service de tous types de &hellip; <\/p>\n<p class=\"link-more\"><a href=\"https:\/\/deltaprodevent.fr\/index.php\/prest\/\" class=\"more-link\">Continuer la lecture<span class=\"screen-reader-text\"> de &laquo;&nbsp;Prestations&nbsp;&raquo;<\/span><\/a><\/p>\n","protected":false},"author":1,"featured_media":0,"parent":0,"menu_order":0,"comment_status":"closed","ping_status":"closed","template":"","meta":{"footnotes":""},"class_list":["post-2","page","type-page","status-publish","hentry"],"jetpack_sharing_enabled":true,"_links":{"self":[{"href":"https:\/\/deltaprodevent.fr\/index.php\/wp-json\/wp\/v2\/pages\/2","targetHints":{"allow":["GET"]}}],"collection":[{"href":"https:\/\/deltaprodevent.fr\/index.php\/wp-json\/wp\/v2\/pages"}],"about":[{"href":"https:\/\/deltaprodevent.fr\/index.php\/wp-json\/wp\/v2\/types\/page"}],"author":[{"embeddable":true,"href":"https:\/\/deltaprodevent.fr\/index.php\/wp-json\/wp\/v2\/users\/1"}],"replies":[{"embeddable":true,"href":"https:\/\/deltaprodevent.fr\/index.php\/wp-json\/wp\/v2\/comments?post=2"}],"version-history":[{"count":23,"href":"https:\/\/deltaprodevent.fr\/index.php\/wp-json\/wp\/v2\/pages\/2\/revisions"}],"predecessor-version":[{"id":422,"href":"https:\/\/deltaprodevent.fr\/index.php\/wp-json\/wp\/v2\/pages\/2\/revisions\/422"}],"wp:attachment":[{"href":"https:\/\/deltaprodevent.fr\/index.php\/wp-json\/wp\/v2\/media?parent=2"}],"curies":[{"name":"wp","href":"https:\/\/api.w.org\/{rel}","templated":true}]}}