{"id":69,"date":"2025-07-27T17:14:13","date_gmt":"2025-07-27T17:14:13","guid":{"rendered":"http:\/\/deltaprodevent.fr\/?page_id=69"},"modified":"2025-09-18T15:21:29","modified_gmt":"2025-09-18T15:21:29","slug":"accueil","status":"publish","type":"page","link":"https:\/\/deltaprodevent.fr\/","title":{"rendered":"Accueil"},"content":{"rendered":"\n<h3 class=\"wp-block-heading\"><strong>Delta Prod Event \u2013 Technique &amp; \u00c9v\u00e9nementiel au service de vos id\u00e9es<\/strong><\/h3>\n\n\n\n<p>Bas\u00e9 \u00e0 Rennes, <strong>Delta Prod Event<\/strong> est une structure sp\u00e9cialis\u00e9e dans la <strong>prestation technique \u00e9v\u00e9nementielle<\/strong> et l\u2019<strong>organisation de spectacles vivants<\/strong>. Nous accompagnons professionnels, collectivit\u00e9s, associations et particuliers dans la r\u00e9alisation de leurs projets : <strong>concerts<\/strong>, <strong>conf\u00e9rences<\/strong>, <strong>salons<\/strong>, <strong>soir\u00e9es priv\u00e9es<\/strong>, <strong>\u00e9v\u00e9nements culturels ou institutionnels<\/strong>.<\/p>\n\n\n\n<p>Sonorisation, \u00e9clairage, vid\u00e9o, structures sc\u00e9niques, logistique et coordination : notre \u00e9quipe met \u00e0 votre disposition son expertise, son mat\u00e9riel professionnel et sa passion du spectacle pour donner vie \u00e0 vos \u00e9v\u00e9nements, de la conception \u00e0 la r\u00e9alisation.<\/p>\n\n\n\n<ul class=\"wp-block-list\">\n<li><strong>Prestation technique<\/strong> \u2013 Une \u00e9quipe r\u00e9active et du mat\u00e9riel adapt\u00e9 \u00e0 tous les formats<\/li>\n\n\n\n<li><strong>Organisation de concerts<\/strong> \u2013 Rock, metal, goth, \u00e9lectro\u2026 on fait vibrer les sc\u00e8nes locales<\/li>\n\n\n\n<li><strong>Location<\/strong> \u2013 Son, Studio, Structure\u2026 louez en toute simplicit\u00e9, avec ou sans assistance<\/li>\n<\/ul>\n\n\n\n<p>Avec <strong>Delta Prod Event<\/strong>, faites le choix d\u2019un partenaire fiable, \u00e0 l\u2019\u00e9coute, et ancr\u00e9 dans la culture \u00e9v\u00e9nementielle bretonne.<\/p>\n\n\n\n<p><a href=\"https:\/\/deltaprodevent.fr\/index.php\/contact\/\" data-type=\"page\" data-id=\"374\">N&rsquo;h\u00e9sitez pas \u00e0 nous contacter ! <\/a><\/p>\n","protected":false},"excerpt":{"rendered":"<p>Delta Prod Event \u2013 Technique &amp; \u00c9v\u00e9nementiel au service de vos id\u00e9es Bas\u00e9 \u00e0 Rennes, Delta Prod Event est une structure sp\u00e9cialis\u00e9e dans la prestation technique \u00e9v\u00e9nementielle et l\u2019organisation de spectacles vivants. Nous accompagnons professionnels, collectivit\u00e9s, associations et particuliers dans la r\u00e9alisation de leurs projets : concerts, conf\u00e9rences, salons, soir\u00e9es priv\u00e9es, \u00e9v\u00e9nements culturels ou institutionnels. &hellip; <\/p>\n<p class=\"link-more\"><a href=\"https:\/\/deltaprodevent.fr\/\" class=\"more-link\">Continuer la lecture<span class=\"screen-reader-text\"> de &laquo;&nbsp;Accueil&nbsp;&raquo;<\/span><\/a><\/p>\n","protected":false},"author":1,"featured_media":0,"parent":0,"menu_order":0,"comment_status":"closed","ping_status":"closed","template":"","meta":{"footnotes":""},"class_list":["post-69","page","type-page","status-publish","hentry"],"jetpack_sharing_enabled":true,"_links":{"self":[{"href":"https:\/\/deltaprodevent.fr\/index.php\/wp-json\/wp\/v2\/pages\/69","targetHints":{"allow":["GET"]}}],"collection":[{"href":"https:\/\/deltaprodevent.fr\/index.php\/wp-json\/wp\/v2\/pages"}],"about":[{"href":"https:\/\/deltaprodevent.fr\/index.php\/wp-json\/wp\/v2\/types\/page"}],"author":[{"embeddable":true,"href":"https:\/\/deltaprodevent.fr\/index.php\/wp-json\/wp\/v2\/users\/1"}],"replies":[{"embeddable":true,"href":"https:\/\/deltaprodevent.fr\/index.php\/wp-json\/wp\/v2\/comments?post=69"}],"version-history":[{"count":5,"href":"https:\/\/deltaprodevent.fr\/index.php\/wp-json\/wp\/v2\/pages\/69\/revisions"}],"predecessor-version":[{"id":398,"href":"https:\/\/deltaprodevent.fr\/index.php\/wp-json\/wp\/v2\/pages\/69\/revisions\/398"}],"wp:attachment":[{"href":"https:\/\/deltaprodevent.fr\/index.php\/wp-json\/wp\/v2\/media?parent=69"}],"curies":[{"name":"wp","href":"https:\/\/api.w.org\/{rel}","templated":true}]}}