{"id":84,"date":"2025-07-28T10:30:38","date_gmt":"2025-07-28T10:30:38","guid":{"rendered":"http:\/\/deltaprodevent.fr\/?page_id=84"},"modified":"2025-07-30T15:37:25","modified_gmt":"2025-07-30T15:37:25","slug":"orga","status":"publish","type":"page","link":"https:\/\/deltaprodevent.fr\/index.php\/orga\/","title":{"rendered":"Organisation de Concerts"},"content":{"rendered":"\n<p>Delta Prod Event organise et accompagne des concerts d\u00e9di\u00e9s aux sc\u00e8nes <strong>rock<\/strong>, <strong>metal<\/strong> et <strong>goth<\/strong>. Nous mettons notre passion au service de ces univers musicaux exigeants, en assurant la <strong>programmation artistique<\/strong>, la <strong>logistique technique<\/strong> (son, lumi\u00e8re, structure), et la coordination g\u00e9n\u00e9rale de l&rsquo;\u00e9v\u00e9nement. Que ce soit en salle ou en plein air, nous cr\u00e9ons des ambiances puissantes et immersives, fid\u00e8les \u00e0 l\u2019esprit de chaque genre.<br>Notre \u00e9quipe conna\u00eet les attentes des groupes et du public, et s\u2019appuie sur un r\u00e9seau de partenaires locaux pour garantir des prestations de qualit\u00e9.<br>De la sc\u00e8ne underground \u00e0 l\u2019\u00e9v\u00e9nement plus structur\u00e9, Delta Prod Event est votre alli\u00e9 pour faire vibrer les murs et les c\u0153urs.<\/p>\n","protected":false},"excerpt":{"rendered":"<p>Delta Prod Event organise et accompagne des concerts d\u00e9di\u00e9s aux sc\u00e8nes rock, metal et goth. Nous mettons notre passion au service de ces univers musicaux exigeants, en assurant la programmation artistique, la logistique technique (son, lumi\u00e8re, structure), et la coordination g\u00e9n\u00e9rale de l&rsquo;\u00e9v\u00e9nement. Que ce soit en salle ou en plein air, nous cr\u00e9ons des &hellip; <\/p>\n<p class=\"link-more\"><a href=\"https:\/\/deltaprodevent.fr\/index.php\/orga\/\" class=\"more-link\">Continuer la lecture<span class=\"screen-reader-text\"> de &laquo;&nbsp;Organisation de Concerts&nbsp;&raquo;<\/span><\/a><\/p>\n","protected":false},"author":1,"featured_media":0,"parent":0,"menu_order":0,"comment_status":"closed","ping_status":"closed","template":"","meta":{"footnotes":""},"class_list":["post-84","page","type-page","status-publish","hentry"],"jetpack_sharing_enabled":true,"_links":{"self":[{"href":"https:\/\/deltaprodevent.fr\/index.php\/wp-json\/wp\/v2\/pages\/84","targetHints":{"allow":["GET"]}}],"collection":[{"href":"https:\/\/deltaprodevent.fr\/index.php\/wp-json\/wp\/v2\/pages"}],"about":[{"href":"https:\/\/deltaprodevent.fr\/index.php\/wp-json\/wp\/v2\/types\/page"}],"author":[{"embeddable":true,"href":"https:\/\/deltaprodevent.fr\/index.php\/wp-json\/wp\/v2\/users\/1"}],"replies":[{"embeddable":true,"href":"https:\/\/deltaprodevent.fr\/index.php\/wp-json\/wp\/v2\/comments?post=84"}],"version-history":[{"count":3,"href":"https:\/\/deltaprodevent.fr\/index.php\/wp-json\/wp\/v2\/pages\/84\/revisions"}],"predecessor-version":[{"id":231,"href":"https:\/\/deltaprodevent.fr\/index.php\/wp-json\/wp\/v2\/pages\/84\/revisions\/231"}],"wp:attachment":[{"href":"https:\/\/deltaprodevent.fr\/index.php\/wp-json\/wp\/v2\/media?parent=84"}],"curies":[{"name":"wp","href":"https:\/\/api.w.org\/{rel}","templated":true}]}}