{"id":110,"date":"2025-07-28T13:57:25","date_gmt":"2025-07-28T13:57:25","guid":{"rendered":"http:\/\/deltaprodevent.fr\/?post_type=product&#038;p=110"},"modified":"2025-08-10T10:40:32","modified_gmt":"2025-08-10T10:40:32","slug":"allen-heath-cq12t","status":"publish","type":"product","link":"https:\/\/deltaprodevent.fr\/index.php\/product\/allen-heath-cq12t\/","title":{"rendered":"Allen &#038; Heath CQ12T"},"content":{"rendered":"<h2 class=\"fx-headline fx-headline--3 fx-space-bottom--m\">Console de mixage Allen 1 Heath CQ12T<\/h2>\n<ul class=\"fx-list product-text__list\">\n<li style=\"list-style-type: none;\">\n<ul class=\"fx-list product-text__list\">\n<li>10 pr\u00e9amplis micro\/ligne, 5x XLR + 5x combo XLR\/TRS<\/li>\n<li>6 sorties aux pour retour sur Jack TRS<\/li>\n<li>Enregistrement et lecture 16 pistes sur carte SD<\/li>\n<li>Carte Son 16*18 USB<\/li>\n<li class=\"fx-list__item list-item fx-list__item--circle\">Entr\u00e9e Bluetooth<\/li>\n<li class=\"fx-list__item list-item fx-list__item--circle\"><span class=\"fx-text fx-text--plus list-item__text\">2 processeurs d&rsquo;effets<\/span><\/li>\n<li class=\"fx-list__item list-item fx-list__item--circle\"><span class=\"fx-text fx-text--plus list-item__text\">Ecran tactile 7&Prime;<\/span><\/li>\n<li class=\"fx-list__item list-item fx-list__item--circle\"><span class=\"fx-text fx-text--plus list-item__text\">Pilotable depuis une tablette ou t\u00e9l\u00e9phone<br \/>\n<img loading=\"lazy\" decoding=\"async\" class=\"alignnone size-medium wp-image-111\" src=\"http:\/\/deltaprodevent.fr\/wp-content\/uploads\/2025\/07\/cq12T-300x300.jpg\" alt=\"\" width=\"300\" height=\"300\" srcset=\"https:\/\/deltaprodevent.fr\/wp-content\/uploads\/2025\/07\/cq12T-300x300.jpg 300w, https:\/\/deltaprodevent.fr\/wp-content\/uploads\/2025\/07\/cq12T-250x250.jpg 250w, https:\/\/deltaprodevent.fr\/wp-content\/uploads\/2025\/07\/cq12T-100x100.jpg 100w, https:\/\/deltaprodevent.fr\/wp-content\/uploads\/2025\/07\/cq12T-350x350.jpg 350w, https:\/\/deltaprodevent.fr\/wp-content\/uploads\/2025\/07\/cq12T-1024x1024.jpg 1024w, https:\/\/deltaprodevent.fr\/wp-content\/uploads\/2025\/07\/cq12T-150x150.jpg 150w, https:\/\/deltaprodevent.fr\/wp-content\/uploads\/2025\/07\/cq12T-768x768.jpg 768w, https:\/\/deltaprodevent.fr\/wp-content\/uploads\/2025\/07\/cq12T-600x600.jpg 600w, https:\/\/deltaprodevent.fr\/wp-content\/uploads\/2025\/07\/cq12T.jpg 1200w\" sizes=\"auto, (max-width: 300px) 100vw, 300px\" \/><\/span><\/li>\n<\/ul>\n<\/li>\n<\/ul>\n","protected":false},"excerpt":{"rendered":"<p>Console de mixage Allen 1 Heath CQ12T 10 pr\u00e9amplis micro\/ligne, 5x XLR + 5x combo XLR\/TRS 6 sorties aux pour retour sur Jack TRS Enregistrement et lecture 16 pistes sur carte SD Carte Son 16*18 USB Entr\u00e9e Bluetooth 2 processeurs d&rsquo;effets Ecran tactile 7&Prime; Pilotable depuis une tablette ou t\u00e9l\u00e9phone<\/p>\n","protected":false},"featured_media":111,"template":"","meta":{"jetpack_publicize_message":"","jetpack_publicize_feature_enabled":true,"jetpack_social_post_already_shared":false,"jetpack_social_options":{"image_generator_settings":{"template":"highway","default_image_id":0,"enabled":false},"version":2}},"product_brand":[],"product_cat":[19],"product_tag":[],"class_list":{"0":"post-110","1":"product","2":"type-product","3":"status-publish","4":"has-post-thumbnail","6":"product_cat-sonorisation","8":"first","9":"instock","10":"shipping-taxable","11":"purchasable","12":"product-type-redq_rental"},"jetpack_publicize_connections":[],"jetpack_sharing_enabled":true,"_links":{"self":[{"href":"https:\/\/deltaprodevent.fr\/index.php\/wp-json\/wp\/v2\/product\/110","targetHints":{"allow":["GET"]}}],"collection":[{"href":"https:\/\/deltaprodevent.fr\/index.php\/wp-json\/wp\/v2\/product"}],"about":[{"href":"https:\/\/deltaprodevent.fr\/index.php\/wp-json\/wp\/v2\/types\/product"}],"wp:featuredmedia":[{"embeddable":true,"href":"https:\/\/deltaprodevent.fr\/index.php\/wp-json\/wp\/v2\/media\/111"}],"wp:attachment":[{"href":"https:\/\/deltaprodevent.fr\/index.php\/wp-json\/wp\/v2\/media?parent=110"}],"wp:term":[{"taxonomy":"product_brand","embeddable":true,"href":"https:\/\/deltaprodevent.fr\/index.php\/wp-json\/wp\/v2\/product_brand?post=110"},{"taxonomy":"product_cat","embeddable":true,"href":"https:\/\/deltaprodevent.fr\/index.php\/wp-json\/wp\/v2\/product_cat?post=110"},{"taxonomy":"product_tag","embeddable":true,"href":"https:\/\/deltaprodevent.fr\/index.php\/wp-json\/wp\/v2\/product_tag?post=110"}],"curies":[{"name":"wp","href":"https:\/\/api.w.org\/{rel}","templated":true}]}}