{"id":126,"date":"2025-07-28T14:42:24","date_gmt":"2025-07-28T14:42:24","guid":{"rendered":"http:\/\/deltaprodevent.fr\/?post_type=product&#038;p=126"},"modified":"2025-08-10T10:34:54","modified_gmt":"2025-08-10T10:34:54","slug":"sennheiser-e604","status":"publish","type":"product","link":"https:\/\/deltaprodevent.fr\/index.php\/product\/sennheiser-e604\/","title":{"rendered":"SENNHEISER E604"},"content":{"rendered":"<h2 class=\"fx-headline fx-headline--3 fx-space-bottom--m\">SENNHEISER E604<\/h2>\n<p>&nbsp;<\/p>\n<ul class=\"fx-list product-text__list\">\n<li>Micro Dynamique<\/li>\n<li class=\"fx-list__item list-item fx-list__item--circle\"><span class=\"fx-text fx-text--plus list-item__text\">Id\u00e9al pour la prise de son de toms, caisses claires, percussions<\/span><\/li>\n<li class=\"fx-list__item list-item fx-list__item--circle\"><span class=\"fx-text fx-text--plus list-item__text\">Directivit\u00e9: Cardio\u00efde<\/span><\/li>\n<li class=\"fx-list__item list-item fx-list__item--circle\"><span class=\"fx-text fx-text--plus list-item__text\">R\u00e9ponse en fr\u00e9quence: 40 &#8211; 18.000 Hz<\/span><\/li>\n<li class=\"fx-list__item list-item fx-list__item--circle\"><span class=\"fx-text fx-text--plus list-item__text\">Sensibilit\u00e9: 1,8 mV\/Pa \u00e0 1 kHz<br \/>\n<img loading=\"lazy\" decoding=\"async\" class=\"alignnone size-medium wp-image-127\" src=\"http:\/\/deltaprodevent.fr\/wp-content\/uploads\/2025\/07\/e604-300x300.jpg\" alt=\"\" width=\"300\" height=\"300\" srcset=\"https:\/\/deltaprodevent.fr\/wp-content\/uploads\/2025\/07\/e604-300x300.jpg 300w, https:\/\/deltaprodevent.fr\/wp-content\/uploads\/2025\/07\/e604-250x250.jpg 250w, https:\/\/deltaprodevent.fr\/wp-content\/uploads\/2025\/07\/e604-100x100.jpg 100w, https:\/\/deltaprodevent.fr\/wp-content\/uploads\/2025\/07\/e604-350x350.jpg 350w, https:\/\/deltaprodevent.fr\/wp-content\/uploads\/2025\/07\/e604-150x150.jpg 150w, https:\/\/deltaprodevent.fr\/wp-content\/uploads\/2025\/07\/e604-768x768.jpg 768w, https:\/\/deltaprodevent.fr\/wp-content\/uploads\/2025\/07\/e604-600x600.jpg 600w, https:\/\/deltaprodevent.fr\/wp-content\/uploads\/2025\/07\/e604.jpg 1000w\" sizes=\"auto, (max-width: 300px) 100vw, 300px\" \/><\/span><\/li>\n<\/ul>\n","protected":false},"excerpt":{"rendered":"<p>SENNHEISER E604 &nbsp; Micro Dynamique Id\u00e9al pour la prise de son de toms, caisses claires, percussions Directivit\u00e9: Cardio\u00efde R\u00e9ponse en fr\u00e9quence: 40 &#8211; 18.000 Hz Sensibilit\u00e9: 1,8 mV\/Pa \u00e0 1 kHz<\/p>\n","protected":false},"featured_media":127,"template":"","meta":{"jetpack_publicize_message":"","jetpack_publicize_feature_enabled":true,"jetpack_social_post_already_shared":false,"jetpack_social_options":{"image_generator_settings":{"template":"highway","default_image_id":0,"enabled":false},"version":2}},"product_brand":[],"product_cat":[19,20],"product_tag":[],"class_list":{"0":"post-126","1":"product","2":"type-product","3":"status-publish","4":"has-post-thumbnail","6":"product_cat-sonorisation","7":"product_cat-studio","9":"first","10":"instock","11":"shipping-taxable","12":"purchasable","13":"product-type-redq_rental"},"jetpack_publicize_connections":[],"jetpack_sharing_enabled":true,"_links":{"self":[{"href":"https:\/\/deltaprodevent.fr\/index.php\/wp-json\/wp\/v2\/product\/126","targetHints":{"allow":["GET"]}}],"collection":[{"href":"https:\/\/deltaprodevent.fr\/index.php\/wp-json\/wp\/v2\/product"}],"about":[{"href":"https:\/\/deltaprodevent.fr\/index.php\/wp-json\/wp\/v2\/types\/product"}],"wp:featuredmedia":[{"embeddable":true,"href":"https:\/\/deltaprodevent.fr\/index.php\/wp-json\/wp\/v2\/media\/127"}],"wp:attachment":[{"href":"https:\/\/deltaprodevent.fr\/index.php\/wp-json\/wp\/v2\/media?parent=126"}],"wp:term":[{"taxonomy":"product_brand","embeddable":true,"href":"https:\/\/deltaprodevent.fr\/index.php\/wp-json\/wp\/v2\/product_brand?post=126"},{"taxonomy":"product_cat","embeddable":true,"href":"https:\/\/deltaprodevent.fr\/index.php\/wp-json\/wp\/v2\/product_cat?post=126"},{"taxonomy":"product_tag","embeddable":true,"href":"https:\/\/deltaprodevent.fr\/index.php\/wp-json\/wp\/v2\/product_tag?post=126"}],"curies":[{"name":"wp","href":"https:\/\/api.w.org\/{rel}","templated":true}]}}