{"id":130,"date":"2025-07-28T14:50:18","date_gmt":"2025-07-28T14:50:18","guid":{"rendered":"http:\/\/deltaprodevent.fr\/?post_type=product&#038;p=130"},"modified":"2025-08-10T10:33:13","modified_gmt":"2025-08-10T10:33:13","slug":"shure-sm58-2","status":"publish","type":"product","link":"https:\/\/deltaprodevent.fr\/index.php\/product\/shure-sm58-2\/","title":{"rendered":"SHURE SM58"},"content":{"rendered":"<h2 class=\"fx-headline fx-headline--3 fx-space-bottom--m\">SHURE SM 58<\/h2>\n<ul class=\"fx-list product-text__list\">\n<li>Micro Dynamique<\/li>\n<li class=\"fx-list__item list-item fx-list__item--circle\"><span class=\"fx-text fx-text--plus list-item__text\">Directivit\u00e9: cardio\u00efde<\/span><\/li>\n<li class=\"fx-list__item list-item fx-list__item--circle\"><span class=\"fx-text fx-text--plus list-item__text\">R\u00e9ponse en fr\u00e9quence: 50 Hz &#8211; 15 kHz<\/span><\/li>\n<li class=\"fx-list__item list-item fx-list__item--circle\"><span class=\"fx-text fx-text--plus list-item__text\">SPL max: 94 SPL<\/span><\/li>\n<li class=\"fx-list__item list-item fx-list__item--circle\"><span class=\"fx-text fx-text--plus list-item__text\"><span class=\"fx-text fx-text--plus list-item__text\">Sensibilit\u00e9: -56,0 dBV \/ Pa (1,6 mV)<\/span><\/span><img loading=\"lazy\" decoding=\"async\" class=\"alignnone size-medium wp-image-131\" src=\"http:\/\/deltaprodevent.fr\/wp-content\/uploads\/2025\/07\/SM58-300x300.jpg\" alt=\"\" width=\"300\" height=\"300\" srcset=\"https:\/\/deltaprodevent.fr\/wp-content\/uploads\/2025\/07\/SM58-300x300.jpg 300w, https:\/\/deltaprodevent.fr\/wp-content\/uploads\/2025\/07\/SM58-250x250.jpg 250w, https:\/\/deltaprodevent.fr\/wp-content\/uploads\/2025\/07\/SM58-100x100.jpg 100w, https:\/\/deltaprodevent.fr\/wp-content\/uploads\/2025\/07\/SM58-350x350.jpg 350w, https:\/\/deltaprodevent.fr\/wp-content\/uploads\/2025\/07\/SM58-150x150.jpg 150w, https:\/\/deltaprodevent.fr\/wp-content\/uploads\/2025\/07\/SM58-768x768.jpg 768w, https:\/\/deltaprodevent.fr\/wp-content\/uploads\/2025\/07\/SM58-600x600.jpg 600w, https:\/\/deltaprodevent.fr\/wp-content\/uploads\/2025\/07\/SM58.jpg 800w\" sizes=\"auto, (max-width: 300px) 100vw, 300px\" \/><\/li>\n<\/ul>\n","protected":false},"excerpt":{"rendered":"<p>SHURE SM 58 Micro Dynamique Directivit\u00e9: cardio\u00efde R\u00e9ponse en fr\u00e9quence: 50 Hz &#8211; 15 kHz SPL max: 94 SPL Sensibilit\u00e9: -56,0 dBV \/ Pa (1,6 mV)<\/p>\n","protected":false},"featured_media":131,"template":"","meta":{"jetpack_publicize_message":"","jetpack_publicize_feature_enabled":true,"jetpack_social_post_already_shared":false,"jetpack_social_options":{"image_generator_settings":{"template":"highway","default_image_id":0,"enabled":false},"version":2}},"product_brand":[],"product_cat":[19,20],"product_tag":[],"class_list":{"0":"post-130","1":"product","2":"type-product","3":"status-publish","4":"has-post-thumbnail","6":"product_cat-sonorisation","7":"product_cat-studio","9":"first","10":"instock","11":"shipping-taxable","12":"purchasable","13":"product-type-redq_rental"},"jetpack_publicize_connections":[],"jetpack_sharing_enabled":true,"_links":{"self":[{"href":"https:\/\/deltaprodevent.fr\/index.php\/wp-json\/wp\/v2\/product\/130","targetHints":{"allow":["GET"]}}],"collection":[{"href":"https:\/\/deltaprodevent.fr\/index.php\/wp-json\/wp\/v2\/product"}],"about":[{"href":"https:\/\/deltaprodevent.fr\/index.php\/wp-json\/wp\/v2\/types\/product"}],"wp:featuredmedia":[{"embeddable":true,"href":"https:\/\/deltaprodevent.fr\/index.php\/wp-json\/wp\/v2\/media\/131"}],"wp:attachment":[{"href":"https:\/\/deltaprodevent.fr\/index.php\/wp-json\/wp\/v2\/media?parent=130"}],"wp:term":[{"taxonomy":"product_brand","embeddable":true,"href":"https:\/\/deltaprodevent.fr\/index.php\/wp-json\/wp\/v2\/product_brand?post=130"},{"taxonomy":"product_cat","embeddable":true,"href":"https:\/\/deltaprodevent.fr\/index.php\/wp-json\/wp\/v2\/product_cat?post=130"},{"taxonomy":"product_tag","embeddable":true,"href":"https:\/\/deltaprodevent.fr\/index.php\/wp-json\/wp\/v2\/product_tag?post=130"}],"curies":[{"name":"wp","href":"https:\/\/api.w.org\/{rel}","templated":true}]}}