{"id":170,"date":"2025-07-30T09:17:35","date_gmt":"2025-07-30T09:17:35","guid":{"rendered":"https:\/\/deltaprodevent.fr\/?post_type=product&#038;p=170"},"modified":"2025-08-10T10:15:14","modified_gmt":"2025-08-10T10:15:14","slug":"genelec-1092a","status":"publish","type":"product","link":"https:\/\/deltaprodevent.fr\/index.php\/product\/genelec-1092a\/","title":{"rendered":"Genelec 1092A"},"content":{"rendered":"<h2 class=\"fx-headline fx-headline--3 fx-space-bottom--m\">Sub Genelec 1092A<\/h2>\n<ul class=\"fx-list product-text__list\">\n<li class=\"fx-list__item list-item fx-list__item--circle\"><span class=\"fx-text fx-text--plus list-item__text\">Compl\u00e9ment de Sub pour syst\u00e8me Genelec 1032A<\/span><\/li>\n<li>Enceinte Active<\/li>\n<li class=\"fx-list__item list-item fx-list__item--circle\"><span class=\"fx-text fx-text--plus list-item__text\">Haut-parleur grave 2 X 8&Prime;<\/span><\/li>\n<li class=\"fx-list__item list-item fx-list__item--circle\"><span class=\"fx-text fx-text--plus list-item__text\">Puissance: 180 Watt<\/span><\/li>\n<li class=\"fx-list__item list-item fx-list__item--circle\"><span class=\"fx-text fx-text--plus list-item__text\">R\u00e9ponse en fr\u00e9quence:\u00a0 33 &#8211; 80 Hz (+\/- 2,5 dB)<\/span><\/li>\n<li class=\"fx-list__item list-item fx-list__item--circle\"><span class=\"fx-text fx-text--plus list-item__text\">Niveau de pression acoustique max.: 115 dB<\/span><\/li>\n<\/ul>\n<p><img loading=\"lazy\" decoding=\"async\" class=\"alignnone size-medium wp-image-171\" src=\"https:\/\/deltaprodevent.fr\/wp-content\/uploads\/2025\/07\/1092A-front-235x300.jpg\" alt=\"\" width=\"235\" height=\"300\" srcset=\"https:\/\/deltaprodevent.fr\/wp-content\/uploads\/2025\/07\/1092A-front-235x300.jpg 235w, https:\/\/deltaprodevent.fr\/wp-content\/uploads\/2025\/07\/1092A-front-250x320.jpg 250w, https:\/\/deltaprodevent.fr\/wp-content\/uploads\/2025\/07\/1092A-front-350x447.jpg 350w, https:\/\/deltaprodevent.fr\/wp-content\/uploads\/2025\/07\/1092A-front-801x1024.jpg 801w, https:\/\/deltaprodevent.fr\/wp-content\/uploads\/2025\/07\/1092A-front-768x982.jpg 768w, https:\/\/deltaprodevent.fr\/wp-content\/uploads\/2025\/07\/1092A-front.jpg 1095w\" sizes=\"auto, (max-width: 235px) 100vw, 235px\" \/> <img loading=\"lazy\" decoding=\"async\" class=\"alignnone size-medium wp-image-172\" src=\"https:\/\/deltaprodevent.fr\/wp-content\/uploads\/2025\/07\/genelec-1092rear-300x225.jpg\" alt=\"\" width=\"300\" height=\"225\" srcset=\"https:\/\/deltaprodevent.fr\/wp-content\/uploads\/2025\/07\/genelec-1092rear-300x225.jpg 300w, https:\/\/deltaprodevent.fr\/wp-content\/uploads\/2025\/07\/genelec-1092rear-250x188.jpg 250w, https:\/\/deltaprodevent.fr\/wp-content\/uploads\/2025\/07\/genelec-1092rear-350x263.jpg 350w, https:\/\/deltaprodevent.fr\/wp-content\/uploads\/2025\/07\/genelec-1092rear-768x576.jpg 768w, https:\/\/deltaprodevent.fr\/wp-content\/uploads\/2025\/07\/genelec-1092rear.jpg 800w\" sizes=\"auto, (max-width: 300px) 100vw, 300px\" \/><\/p>\n","protected":false},"excerpt":{"rendered":"<p>Sub Genelec 1092A Compl\u00e9ment de Sub pour syst\u00e8me Genelec 1032A Enceinte Active Haut-parleur grave 2 X 8&Prime; Puissance: 180 Watt R\u00e9ponse en fr\u00e9quence:\u00a0 33 &#8211; 80 Hz (+\/- 2,5 dB) Niveau de pression acoustique max.: 115 dB<\/p>\n","protected":false},"featured_media":171,"template":"","meta":{"jetpack_publicize_message":"","jetpack_publicize_feature_enabled":true,"jetpack_social_post_already_shared":false,"jetpack_social_options":{"image_generator_settings":{"template":"highway","default_image_id":0,"enabled":false},"version":2}},"product_brand":[],"product_cat":[20],"product_tag":[],"class_list":{"0":"post-170","1":"product","2":"type-product","3":"status-publish","4":"has-post-thumbnail","6":"product_cat-studio","8":"first","9":"instock","10":"shipping-taxable","11":"purchasable","12":"product-type-redq_rental"},"jetpack_publicize_connections":[],"jetpack_sharing_enabled":true,"_links":{"self":[{"href":"https:\/\/deltaprodevent.fr\/index.php\/wp-json\/wp\/v2\/product\/170","targetHints":{"allow":["GET"]}}],"collection":[{"href":"https:\/\/deltaprodevent.fr\/index.php\/wp-json\/wp\/v2\/product"}],"about":[{"href":"https:\/\/deltaprodevent.fr\/index.php\/wp-json\/wp\/v2\/types\/product"}],"wp:featuredmedia":[{"embeddable":true,"href":"https:\/\/deltaprodevent.fr\/index.php\/wp-json\/wp\/v2\/media\/171"}],"wp:attachment":[{"href":"https:\/\/deltaprodevent.fr\/index.php\/wp-json\/wp\/v2\/media?parent=170"}],"wp:term":[{"taxonomy":"product_brand","embeddable":true,"href":"https:\/\/deltaprodevent.fr\/index.php\/wp-json\/wp\/v2\/product_brand?post=170"},{"taxonomy":"product_cat","embeddable":true,"href":"https:\/\/deltaprodevent.fr\/index.php\/wp-json\/wp\/v2\/product_cat?post=170"},{"taxonomy":"product_tag","embeddable":true,"href":"https:\/\/deltaprodevent.fr\/index.php\/wp-json\/wp\/v2\/product_tag?post=170"}],"curies":[{"name":"wp","href":"https:\/\/api.w.org\/{rel}","templated":true}]}}