{"id":173,"date":"2025-07-30T09:33:26","date_gmt":"2025-07-30T09:33:26","guid":{"rendered":"https:\/\/deltaprodevent.fr\/?post_type=product&#038;p=173"},"modified":"2025-08-10T10:14:17","modified_gmt":"2025-08-10T10:14:17","slug":"kali-audio-lp-6","status":"publish","type":"product","link":"https:\/\/deltaprodevent.fr\/index.php\/product\/kali-audio-lp-6\/","title":{"rendered":"Kali Audio Lp-6"},"content":{"rendered":"<h2 class=\"fx-headline fx-headline--3 fx-space-bottom--m\">Kali Audio LP-6<\/h2>\n<ul class=\"fx-list product-text__list\">\n<li class=\"fx-list__item list-item fx-list__item--circle\"><span class=\"fx-text fx-text--plus list-item__text\">Syst\u00e8me de monitoring actif 2 voies<\/span><\/li>\n<li class=\"fx-list__item list-item fx-list__item--circle\"><span class=\"fx-text fx-text--plus list-item__text\">Haut-parleur grave 6,5&Prime; et tweeter 1&Prime; \u00e0 d\u00f4me souple<\/span><\/li>\n<li class=\"fx-list__item list-item fx-list__item--circle\"><span class=\"fx-text fx-text--plus list-item__text\">Puissance: 80 Watt (40\/40 Watt bi-amplifi\u00e9)<\/span><\/li>\n<li class=\"fx-list__item list-item fx-list__item--circle\"><span class=\"fx-text fx-text--plus list-item__text\">R\u00e9ponse en fr\u00e9quence: 39 &#8211; 25000 Hz (-10 dB)<\/span><\/li>\n<li class=\"fx-list__item list-item fx-list__item--circle\"><span class=\"fx-text fx-text--plus list-item__text\">Niveau de pression acoustique max.: 85 dB SPL<\/span><\/li>\n<li>Fourni en kit de 2 \u00e9l\u00e9ments<\/li>\n<\/ul>\n<p><img loading=\"lazy\" decoding=\"async\" class=\"alignnone size-medium wp-image-175\" src=\"https:\/\/deltaprodevent.fr\/wp-content\/uploads\/2025\/07\/kali-audio-lp-6-2nd-wave-white-300x300.jpg\" alt=\"\" width=\"300\" height=\"300\" srcset=\"https:\/\/deltaprodevent.fr\/wp-content\/uploads\/2025\/07\/kali-audio-lp-6-2nd-wave-white-300x300.jpg 300w, https:\/\/deltaprodevent.fr\/wp-content\/uploads\/2025\/07\/kali-audio-lp-6-2nd-wave-white-250x250.jpg 250w, https:\/\/deltaprodevent.fr\/wp-content\/uploads\/2025\/07\/kali-audio-lp-6-2nd-wave-white-100x100.jpg 100w, https:\/\/deltaprodevent.fr\/wp-content\/uploads\/2025\/07\/kali-audio-lp-6-2nd-wave-white-350x350.jpg 350w, https:\/\/deltaprodevent.fr\/wp-content\/uploads\/2025\/07\/kali-audio-lp-6-2nd-wave-white-150x150.jpg 150w, https:\/\/deltaprodevent.fr\/wp-content\/uploads\/2025\/07\/kali-audio-lp-6-2nd-wave-white-768x768.jpg 768w, https:\/\/deltaprodevent.fr\/wp-content\/uploads\/2025\/07\/kali-audio-lp-6-2nd-wave-white-600x600.jpg 600w, https:\/\/deltaprodevent.fr\/wp-content\/uploads\/2025\/07\/kali-audio-lp-6-2nd-wave-white.jpg 960w\" sizes=\"auto, (max-width: 300px) 100vw, 300px\" \/> <img loading=\"lazy\" decoding=\"async\" class=\"alignnone size-medium wp-image-174\" src=\"https:\/\/deltaprodevent.fr\/wp-content\/uploads\/2025\/07\/kali-lp6-300x200.jpg\" alt=\"\" width=\"300\" height=\"200\" srcset=\"https:\/\/deltaprodevent.fr\/wp-content\/uploads\/2025\/07\/kali-lp6-300x200.jpg 300w, https:\/\/deltaprodevent.fr\/wp-content\/uploads\/2025\/07\/kali-lp6-250x167.jpg 250w, https:\/\/deltaprodevent.fr\/wp-content\/uploads\/2025\/07\/kali-lp6-350x233.jpg 350w, https:\/\/deltaprodevent.fr\/wp-content\/uploads\/2025\/07\/kali-lp6-1024x683.jpg 1024w, https:\/\/deltaprodevent.fr\/wp-content\/uploads\/2025\/07\/kali-lp6-768x512.jpg 768w, https:\/\/deltaprodevent.fr\/wp-content\/uploads\/2025\/07\/kali-lp6.jpg 1200w\" sizes=\"auto, (max-width: 300px) 100vw, 300px\" \/><\/p>\n","protected":false},"excerpt":{"rendered":"<p>Kali Audio LP-6 Syst\u00e8me de monitoring actif 2 voies Haut-parleur grave 6,5&Prime; et tweeter 1&Prime; \u00e0 d\u00f4me souple Puissance: 80 Watt (40\/40 Watt bi-amplifi\u00e9) R\u00e9ponse en fr\u00e9quence: 39 &#8211; 25000 Hz (-10 dB) Niveau de pression acoustique max.: 85 dB SPL Fourni en kit de 2 \u00e9l\u00e9ments<\/p>\n","protected":false},"featured_media":175,"template":"","meta":{"jetpack_publicize_message":"","jetpack_publicize_feature_enabled":true,"jetpack_social_post_already_shared":false,"jetpack_social_options":{"image_generator_settings":{"template":"highway","default_image_id":0,"enabled":false},"version":2}},"product_brand":[],"product_cat":[20],"product_tag":[],"class_list":{"0":"post-173","1":"product","2":"type-product","3":"status-publish","4":"has-post-thumbnail","6":"product_cat-studio","8":"first","9":"instock","10":"shipping-taxable","11":"purchasable","12":"product-type-redq_rental"},"jetpack_publicize_connections":[],"jetpack_sharing_enabled":true,"_links":{"self":[{"href":"https:\/\/deltaprodevent.fr\/index.php\/wp-json\/wp\/v2\/product\/173","targetHints":{"allow":["GET"]}}],"collection":[{"href":"https:\/\/deltaprodevent.fr\/index.php\/wp-json\/wp\/v2\/product"}],"about":[{"href":"https:\/\/deltaprodevent.fr\/index.php\/wp-json\/wp\/v2\/types\/product"}],"wp:featuredmedia":[{"embeddable":true,"href":"https:\/\/deltaprodevent.fr\/index.php\/wp-json\/wp\/v2\/media\/175"}],"wp:attachment":[{"href":"https:\/\/deltaprodevent.fr\/index.php\/wp-json\/wp\/v2\/media?parent=173"}],"wp:term":[{"taxonomy":"product_brand","embeddable":true,"href":"https:\/\/deltaprodevent.fr\/index.php\/wp-json\/wp\/v2\/product_brand?post=173"},{"taxonomy":"product_cat","embeddable":true,"href":"https:\/\/deltaprodevent.fr\/index.php\/wp-json\/wp\/v2\/product_cat?post=173"},{"taxonomy":"product_tag","embeddable":true,"href":"https:\/\/deltaprodevent.fr\/index.php\/wp-json\/wp\/v2\/product_tag?post=173"}],"curies":[{"name":"wp","href":"https:\/\/api.w.org\/{rel}","templated":true}]}}