{"id":176,"date":"2025-07-30T09:42:12","date_gmt":"2025-07-30T09:42:12","guid":{"rendered":"https:\/\/deltaprodevent.fr\/?post_type=product&#038;p=176"},"modified":"2025-08-10T10:13:25","modified_gmt":"2025-08-10T10:13:25","slug":"ssl-xlogic-alpha-vhd-pre","status":"publish","type":"product","link":"https:\/\/deltaprodevent.fr\/index.php\/product\/ssl-xlogic-alpha-vhd-pre\/","title":{"rendered":"SSL XLogic Alpha VHD Pre"},"content":{"rendered":"<h2 class=\"fx-headline fx-headline--3 fx-space-bottom--m\">SSL Xlogic Alpha VHD Pre<\/h2>\n<ul class=\"fx-list product-text__list\">\n<li>4 canaux de pr\u00e9amplification<\/li>\n<li>Pr\u00e9amplificateur\u00a0 avec un gain de 75 dB<\/li>\n<li class=\"fx-list__item list-item fx-list__item--circle\"><span class=\"fx-text fx-text--plus list-item__text\">Pad -20DB<\/span><\/li>\n<li class=\"fx-list__item list-item fx-list__item--circle\"><span class=\"fx-text fx-text--plus list-item__text\">Entr\u00e9e haute imp\u00e9dance<\/span><\/li>\n<li class=\"fx-list__item list-item fx-list__item--circle\"><span class=\"fx-text fx-text--plus list-item__text\">Syst\u00e8me VHD Variable Harmonic Drive\u00a0<\/span><\/li>\n<li>entr\u00e9es micro\/ligne XLR arri\u00e8re et sorties XLR<\/li>\n<\/ul>\n<p><img loading=\"lazy\" decoding=\"async\" class=\"alignnone size-medium wp-image-177\" src=\"https:\/\/deltaprodevent.fr\/wp-content\/uploads\/2025\/07\/SSL_Alpha_VHD_Pre_2_03-300x225.webp\" alt=\"\" width=\"300\" height=\"225\" \/> <img loading=\"lazy\" decoding=\"async\" class=\"alignnone size-medium wp-image-178\" src=\"https:\/\/deltaprodevent.fr\/wp-content\/uploads\/2025\/07\/ssl-xlogic-alpha-vhd-mic-pre-4-canaux-300x300.jpg\" alt=\"\" width=\"300\" height=\"300\" srcset=\"https:\/\/deltaprodevent.fr\/wp-content\/uploads\/2025\/07\/ssl-xlogic-alpha-vhd-mic-pre-4-canaux-300x300.jpg 300w, https:\/\/deltaprodevent.fr\/wp-content\/uploads\/2025\/07\/ssl-xlogic-alpha-vhd-mic-pre-4-canaux-250x250.jpg 250w, https:\/\/deltaprodevent.fr\/wp-content\/uploads\/2025\/07\/ssl-xlogic-alpha-vhd-mic-pre-4-canaux-100x100.jpg 100w, https:\/\/deltaprodevent.fr\/wp-content\/uploads\/2025\/07\/ssl-xlogic-alpha-vhd-mic-pre-4-canaux-350x350.jpg 350w, https:\/\/deltaprodevent.fr\/wp-content\/uploads\/2025\/07\/ssl-xlogic-alpha-vhd-mic-pre-4-canaux-150x150.jpg 150w, https:\/\/deltaprodevent.fr\/wp-content\/uploads\/2025\/07\/ssl-xlogic-alpha-vhd-mic-pre-4-canaux-768x768.jpg 768w, https:\/\/deltaprodevent.fr\/wp-content\/uploads\/2025\/07\/ssl-xlogic-alpha-vhd-mic-pre-4-canaux-600x600.jpg 600w, https:\/\/deltaprodevent.fr\/wp-content\/uploads\/2025\/07\/ssl-xlogic-alpha-vhd-mic-pre-4-canaux.jpg 800w\" sizes=\"auto, (max-width: 300px) 100vw, 300px\" \/><\/p>\n","protected":false},"excerpt":{"rendered":"<p>SSL Xlogic Alpha VHD Pre 4 canaux de pr\u00e9amplification Pr\u00e9amplificateur\u00a0 avec un gain de 75 dB Pad -20DB Entr\u00e9e haute imp\u00e9dance Syst\u00e8me VHD Variable Harmonic Drive\u00a0 entr\u00e9es micro\/ligne XLR arri\u00e8re et sorties XLR<\/p>\n","protected":false},"featured_media":178,"template":"","meta":{"jetpack_publicize_message":"","jetpack_publicize_feature_enabled":true,"jetpack_social_post_already_shared":false,"jetpack_social_options":{"image_generator_settings":{"template":"highway","default_image_id":0,"enabled":false},"version":2}},"product_brand":[],"product_cat":[20],"product_tag":[],"class_list":{"0":"post-176","1":"product","2":"type-product","3":"status-publish","4":"has-post-thumbnail","6":"product_cat-studio","8":"first","9":"instock","10":"shipping-taxable","11":"purchasable","12":"product-type-redq_rental"},"jetpack_publicize_connections":[],"jetpack_sharing_enabled":true,"_links":{"self":[{"href":"https:\/\/deltaprodevent.fr\/index.php\/wp-json\/wp\/v2\/product\/176","targetHints":{"allow":["GET"]}}],"collection":[{"href":"https:\/\/deltaprodevent.fr\/index.php\/wp-json\/wp\/v2\/product"}],"about":[{"href":"https:\/\/deltaprodevent.fr\/index.php\/wp-json\/wp\/v2\/types\/product"}],"wp:featuredmedia":[{"embeddable":true,"href":"https:\/\/deltaprodevent.fr\/index.php\/wp-json\/wp\/v2\/media\/178"}],"wp:attachment":[{"href":"https:\/\/deltaprodevent.fr\/index.php\/wp-json\/wp\/v2\/media?parent=176"}],"wp:term":[{"taxonomy":"product_brand","embeddable":true,"href":"https:\/\/deltaprodevent.fr\/index.php\/wp-json\/wp\/v2\/product_brand?post=176"},{"taxonomy":"product_cat","embeddable":true,"href":"https:\/\/deltaprodevent.fr\/index.php\/wp-json\/wp\/v2\/product_cat?post=176"},{"taxonomy":"product_tag","embeddable":true,"href":"https:\/\/deltaprodevent.fr\/index.php\/wp-json\/wp\/v2\/product_tag?post=176"}],"curies":[{"name":"wp","href":"https:\/\/api.w.org\/{rel}","templated":true}]}}