{"id":182,"date":"2025-07-30T09:51:09","date_gmt":"2025-07-30T09:51:09","guid":{"rendered":"https:\/\/deltaprodevent.fr\/?post_type=product&#038;p=182"},"modified":"2025-08-10T10:11:06","modified_gmt":"2025-08-10T10:11:06","slug":"art-pro-mpa-2","status":"publish","type":"product","link":"https:\/\/deltaprodevent.fr\/index.php\/product\/art-pro-mpa-2\/","title":{"rendered":"Art Pro MPA-2"},"content":{"rendered":"<h2 class=\"fx-headline fx-headline--3 fx-space-bottom--m\">Pr\u00e9-ampli micro 2 canaux<\/h2>\n<ul class=\"fx-list product-text__list\">\n<li class=\"fx-list__item list-item fx-list__item--circle\"><span class=\"fx-text fx-text--plus list-item__text\">Pr\u00e9amplificateur micro \u00e0 lampes 2 Canaux<\/span><\/li>\n<li>Entr\u00e9es haute imp\u00e9dance pour instruments<\/li>\n<li class=\"fx-list__item list-item fx-list__item--circle\"><span class=\"fx-text fx-text--plus list-item__text\">Imp\u00e9dance d&rsquo;entr\u00e9e variable de 150 \u00e0 2400 Ohm<\/span><\/li>\n<li class=\"fx-list__item list-item fx-list__item--circle\"><span class=\"fx-text fx-text--plus list-item__text\">Gain de 40 dB + boost de 20 dB<\/span><\/li>\n<li class=\"fx-list__item list-item fx-list__item--circle\"><span class=\"fx-text fx-text--plus list-item__text\">Mode st\u00e9r\u00e9o et M\/ S<\/span><\/li>\n<li class=\"fx-list__item list-item fx-list__item--circle\"><span class=\"fx-text fx-text--plus list-item__text\">Coupe bas de 7,5 \u00e0 200 hz<\/span><\/li>\n<li>Inverseur de phase<\/li>\n<\/ul>\n<p><img loading=\"lazy\" decoding=\"async\" class=\"alignnone size-medium wp-image-184\" src=\"https:\/\/deltaprodevent.fr\/wp-content\/uploads\/2025\/07\/mpa2-300x300.jpg\" alt=\"\" width=\"300\" height=\"300\" srcset=\"https:\/\/deltaprodevent.fr\/wp-content\/uploads\/2025\/07\/mpa2-300x300.jpg 300w, https:\/\/deltaprodevent.fr\/wp-content\/uploads\/2025\/07\/mpa2-250x250.jpg 250w, https:\/\/deltaprodevent.fr\/wp-content\/uploads\/2025\/07\/mpa2-100x100.jpg 100w, https:\/\/deltaprodevent.fr\/wp-content\/uploads\/2025\/07\/mpa2-350x350.jpg 350w, https:\/\/deltaprodevent.fr\/wp-content\/uploads\/2025\/07\/mpa2-150x150.jpg 150w, https:\/\/deltaprodevent.fr\/wp-content\/uploads\/2025\/07\/mpa2.jpg 600w\" sizes=\"auto, (max-width: 300px) 100vw, 300px\" \/> <img loading=\"lazy\" decoding=\"async\" class=\"alignnone size-medium wp-image-183\" src=\"https:\/\/deltaprodevent.fr\/wp-content\/uploads\/2025\/07\/mpa2-rear-300x300.jpg\" alt=\"\" width=\"300\" height=\"300\" srcset=\"https:\/\/deltaprodevent.fr\/wp-content\/uploads\/2025\/07\/mpa2-rear-300x300.jpg 300w, https:\/\/deltaprodevent.fr\/wp-content\/uploads\/2025\/07\/mpa2-rear-250x250.jpg 250w, https:\/\/deltaprodevent.fr\/wp-content\/uploads\/2025\/07\/mpa2-rear-100x100.jpg 100w, https:\/\/deltaprodevent.fr\/wp-content\/uploads\/2025\/07\/mpa2-rear-350x350.jpg 350w, https:\/\/deltaprodevent.fr\/wp-content\/uploads\/2025\/07\/mpa2-rear-150x150.jpg 150w, https:\/\/deltaprodevent.fr\/wp-content\/uploads\/2025\/07\/mpa2-rear.jpg 600w\" sizes=\"auto, (max-width: 300px) 100vw, 300px\" \/><\/p>\n","protected":false},"excerpt":{"rendered":"<p>Pr\u00e9-ampli micro 2 canaux Pr\u00e9amplificateur micro \u00e0 lampes 2 Canaux Entr\u00e9es haute imp\u00e9dance pour instruments Imp\u00e9dance d&rsquo;entr\u00e9e variable de 150 \u00e0 2400 Ohm Gain de 40 dB + boost de 20 dB Mode st\u00e9r\u00e9o et M\/ S Coupe bas de 7,5 \u00e0 200 hz Inverseur de phase<\/p>\n","protected":false},"featured_media":184,"template":"","meta":{"jetpack_publicize_message":"","jetpack_publicize_feature_enabled":true,"jetpack_social_post_already_shared":false,"jetpack_social_options":{"image_generator_settings":{"template":"highway","default_image_id":0,"enabled":false},"version":2}},"product_brand":[],"product_cat":[20],"product_tag":[],"class_list":{"0":"post-182","1":"product","2":"type-product","3":"status-publish","4":"has-post-thumbnail","6":"product_cat-studio","8":"first","9":"instock","10":"shipping-taxable","11":"purchasable","12":"product-type-redq_rental"},"jetpack_publicize_connections":[],"jetpack_sharing_enabled":true,"_links":{"self":[{"href":"https:\/\/deltaprodevent.fr\/index.php\/wp-json\/wp\/v2\/product\/182","targetHints":{"allow":["GET"]}}],"collection":[{"href":"https:\/\/deltaprodevent.fr\/index.php\/wp-json\/wp\/v2\/product"}],"about":[{"href":"https:\/\/deltaprodevent.fr\/index.php\/wp-json\/wp\/v2\/types\/product"}],"wp:featuredmedia":[{"embeddable":true,"href":"https:\/\/deltaprodevent.fr\/index.php\/wp-json\/wp\/v2\/media\/184"}],"wp:attachment":[{"href":"https:\/\/deltaprodevent.fr\/index.php\/wp-json\/wp\/v2\/media?parent=182"}],"wp:term":[{"taxonomy":"product_brand","embeddable":true,"href":"https:\/\/deltaprodevent.fr\/index.php\/wp-json\/wp\/v2\/product_brand?post=182"},{"taxonomy":"product_cat","embeddable":true,"href":"https:\/\/deltaprodevent.fr\/index.php\/wp-json\/wp\/v2\/product_cat?post=182"},{"taxonomy":"product_tag","embeddable":true,"href":"https:\/\/deltaprodevent.fr\/index.php\/wp-json\/wp\/v2\/product_tag?post=182"}],"curies":[{"name":"wp","href":"https:\/\/api.w.org\/{rel}","templated":true}]}}