{"id":189,"date":"2025-07-30T10:01:29","date_gmt":"2025-07-30T10:01:29","guid":{"rendered":"https:\/\/deltaprodevent.fr\/?post_type=product&#038;p=189"},"modified":"2025-08-10T10:09:29","modified_gmt":"2025-08-10T10:09:29","slug":"sanken-cos-11","status":"publish","type":"product","link":"https:\/\/deltaprodevent.fr\/index.php\/product\/sanken-cos-11\/","title":{"rendered":"Sanken Cos-11"},"content":{"rendered":"<h2 class=\"fx-headline fx-headline--3 fx-space-bottom--m\">Sanken Cos-11<\/h2>\n<ul class=\"fx-list product-text__list\">\n<li class=\"fx-list__item list-item fx-list__item--circle\"><span class=\"fx-text fx-text--plus list-item__text\">Directivit\u00e9: Omnidirectionnelle<\/span><\/li>\n<li class=\"fx-list__item list-item fx-list__item--circle\"><span class=\"fx-text fx-text--plus list-item__text\">R\u00e9ponse en fr\u00e9quence: 50 &#8211; 20 000 Hz<\/span><\/li>\n<li class=\"fx-list__item list-item fx-list__item--circle\"><span class=\"fx-text fx-text--plus list-item__text\">Sensibilit\u00e9: 8,9 mV\/Pa (-41 dB, 0 dB=1 V\/Pa)<\/span><\/li>\n<li class=\"fx-list__item list-item fx-list__item--circle\"><span class=\"fx-text fx-text--plus list-item__text\">Niveau de pression acoustique limite: 123 dB<\/span><\/li>\n<li class=\"fx-list__item list-item fx-list__item--circle\"><span class=\"fx-text fx-text--plus list-item__text\">Imp\u00e9dance: 180 Ohm<\/span><\/li>\n<li>Compatible avec HF Sennheiser<\/li>\n<\/ul>\n<p><img loading=\"lazy\" decoding=\"async\" class=\"alignnone size-medium wp-image-190\" src=\"https:\/\/deltaprodevent.fr\/wp-content\/uploads\/2025\/07\/13322796_800-300x300.jpg\" alt=\"\" width=\"300\" height=\"300\" srcset=\"https:\/\/deltaprodevent.fr\/wp-content\/uploads\/2025\/07\/13322796_800-300x300.jpg 300w, https:\/\/deltaprodevent.fr\/wp-content\/uploads\/2025\/07\/13322796_800-250x250.jpg 250w, https:\/\/deltaprodevent.fr\/wp-content\/uploads\/2025\/07\/13322796_800-100x100.jpg 100w, https:\/\/deltaprodevent.fr\/wp-content\/uploads\/2025\/07\/13322796_800-350x350.jpg 350w, https:\/\/deltaprodevent.fr\/wp-content\/uploads\/2025\/07\/13322796_800-150x150.jpg 150w, https:\/\/deltaprodevent.fr\/wp-content\/uploads\/2025\/07\/13322796_800.jpg 600w\" sizes=\"auto, (max-width: 300px) 100vw, 300px\" \/><\/p>\n","protected":false},"excerpt":{"rendered":"<p>Sanken Cos-11 Directivit\u00e9: Omnidirectionnelle R\u00e9ponse en fr\u00e9quence: 50 &#8211; 20 000 Hz Sensibilit\u00e9: 8,9 mV\/Pa (-41 dB, 0 dB=1 V\/Pa) Niveau de pression acoustique limite: 123 dB Imp\u00e9dance: 180 Ohm Compatible avec HF Sennheiser<\/p>\n","protected":false},"featured_media":190,"template":"","meta":{"jetpack_publicize_message":"","jetpack_publicize_feature_enabled":true,"jetpack_social_post_already_shared":false,"jetpack_social_options":{"image_generator_settings":{"template":"highway","default_image_id":0,"enabled":false},"version":2}},"product_brand":[],"product_cat":[20],"product_tag":[],"class_list":{"0":"post-189","1":"product","2":"type-product","3":"status-publish","4":"has-post-thumbnail","6":"product_cat-studio","8":"first","9":"instock","10":"shipping-taxable","11":"purchasable","12":"product-type-redq_rental"},"jetpack_publicize_connections":[],"jetpack_sharing_enabled":true,"_links":{"self":[{"href":"https:\/\/deltaprodevent.fr\/index.php\/wp-json\/wp\/v2\/product\/189","targetHints":{"allow":["GET"]}}],"collection":[{"href":"https:\/\/deltaprodevent.fr\/index.php\/wp-json\/wp\/v2\/product"}],"about":[{"href":"https:\/\/deltaprodevent.fr\/index.php\/wp-json\/wp\/v2\/types\/product"}],"wp:featuredmedia":[{"embeddable":true,"href":"https:\/\/deltaprodevent.fr\/index.php\/wp-json\/wp\/v2\/media\/190"}],"wp:attachment":[{"href":"https:\/\/deltaprodevent.fr\/index.php\/wp-json\/wp\/v2\/media?parent=189"}],"wp:term":[{"taxonomy":"product_brand","embeddable":true,"href":"https:\/\/deltaprodevent.fr\/index.php\/wp-json\/wp\/v2\/product_brand?post=189"},{"taxonomy":"product_cat","embeddable":true,"href":"https:\/\/deltaprodevent.fr\/index.php\/wp-json\/wp\/v2\/product_cat?post=189"},{"taxonomy":"product_tag","embeddable":true,"href":"https:\/\/deltaprodevent.fr\/index.php\/wp-json\/wp\/v2\/product_tag?post=189"}],"curies":[{"name":"wp","href":"https:\/\/api.w.org\/{rel}","templated":true}]}}