{"id":191,"date":"2025-07-30T10:09:28","date_gmt":"2025-07-30T10:09:28","guid":{"rendered":"https:\/\/deltaprodevent.fr\/?post_type=product&#038;p=191"},"modified":"2025-08-10T10:08:35","modified_gmt":"2025-08-10T10:08:35","slug":"sound-devices-744t","status":"publish","type":"product","link":"https:\/\/deltaprodevent.fr\/index.php\/product\/sound-devices-744t\/","title":{"rendered":"Sound Devices 744T"},"content":{"rendered":"<h2 class=\"fx-headline fx-headline--3 fx-space-bottom--m\">Sound Devices 744t<\/h2>\n<ul class=\"fx-list product-text__list\">\n<li class=\"fx-list__item list-item fx-list__item--circle\"><span class=\"fx-text fx-text--plus list-item__text\">Enregistreur 4 pistes<\/span><\/li>\n<li class=\"fx-list__item list-item fx-list__item--circle\"><span class=\"fx-text fx-text--plus list-item__text\">Disque dur interne de 250 go<\/span><\/li>\n<li class=\"fx-list__item list-item fx-list__item--circle\"><span class=\"fx-text fx-text--plus list-item__text\">Enregistrement sur carte CF (fourni \u00e0 la demande)<\/span><\/li>\n<li class=\"fx-list__item list-item fx-list__item--circle\">2 pr\u00e9amplis micros (gain 67,5 dB)+ 2 entr\u00e9es lignes<\/li>\n<li class=\"fx-list__item list-item fx-list__item--circle\">Enregistrement jusqu&rsquo;\u00e0 192 KHZ 24 bits<\/li>\n<li class=\"fx-list__item list-item fx-list__item--circle\"><span class=\"fx-text fx-text--plus list-item__text\">Entr\u00e9es AES EBU<\/span><\/li>\n<li class=\"fx-list__item list-item fx-list__item--circle\"><span class=\"fx-text fx-text--plus list-item__text\">Fournis avec sacoche de transport<\/span><\/li>\n<\/ul>\n<p><img loading=\"lazy\" decoding=\"async\" class=\"alignnone size-medium wp-image-194\" src=\"https:\/\/deltaprodevent.fr\/wp-content\/uploads\/2025\/07\/744T-R-300x118.jpg\" alt=\"\" width=\"300\" height=\"118\" srcset=\"https:\/\/deltaprodevent.fr\/wp-content\/uploads\/2025\/07\/744T-R-300x118.jpg 300w, https:\/\/deltaprodevent.fr\/wp-content\/uploads\/2025\/07\/744T-R-250x98.jpg 250w, https:\/\/deltaprodevent.fr\/wp-content\/uploads\/2025\/07\/744T-R-350x137.jpg 350w, https:\/\/deltaprodevent.fr\/wp-content\/uploads\/2025\/07\/744T-R.jpg 500w\" sizes=\"auto, (max-width: 300px) 100vw, 300px\" \/> <img loading=\"lazy\" decoding=\"async\" class=\"alignnone size-medium wp-image-193\" src=\"https:\/\/deltaprodevent.fr\/wp-content\/uploads\/2025\/07\/744t-L-300x112.jpg\" alt=\"\" width=\"300\" height=\"112\" srcset=\"https:\/\/deltaprodevent.fr\/wp-content\/uploads\/2025\/07\/744t-L-300x112.jpg 300w, https:\/\/deltaprodevent.fr\/wp-content\/uploads\/2025\/07\/744t-L-250x94.jpg 250w, https:\/\/deltaprodevent.fr\/wp-content\/uploads\/2025\/07\/744t-L-350x131.jpg 350w, https:\/\/deltaprodevent.fr\/wp-content\/uploads\/2025\/07\/744t-L.jpg 500w\" sizes=\"auto, (max-width: 300px) 100vw, 300px\" \/> <img loading=\"lazy\" decoding=\"async\" class=\"alignnone size-medium wp-image-192\" src=\"https:\/\/deltaprodevent.fr\/wp-content\/uploads\/2025\/07\/744t-F-300x300.jpg\" alt=\"\" width=\"300\" height=\"300\" srcset=\"https:\/\/deltaprodevent.fr\/wp-content\/uploads\/2025\/07\/744t-F-300x300.jpg 300w, https:\/\/deltaprodevent.fr\/wp-content\/uploads\/2025\/07\/744t-F-250x250.jpg 250w, https:\/\/deltaprodevent.fr\/wp-content\/uploads\/2025\/07\/744t-F-100x100.jpg 100w, https:\/\/deltaprodevent.fr\/wp-content\/uploads\/2025\/07\/744t-F-350x350.jpg 350w, https:\/\/deltaprodevent.fr\/wp-content\/uploads\/2025\/07\/744t-F-1024x1024.jpg 1024w, https:\/\/deltaprodevent.fr\/wp-content\/uploads\/2025\/07\/744t-F-150x150.jpg 150w, https:\/\/deltaprodevent.fr\/wp-content\/uploads\/2025\/07\/744t-F-768x768.jpg 768w, https:\/\/deltaprodevent.fr\/wp-content\/uploads\/2025\/07\/744t-F-600x600.jpg 600w, https:\/\/deltaprodevent.fr\/wp-content\/uploads\/2025\/07\/744t-F.jpg 1280w\" sizes=\"auto, (max-width: 300px) 100vw, 300px\" \/><\/p>\n","protected":false},"excerpt":{"rendered":"<p>Sound Devices 744t Enregistreur 4 pistes Disque dur interne de 250 go Enregistrement sur carte CF (fourni \u00e0 la demande) 2 pr\u00e9amplis micros (gain 67,5 dB)+ 2 entr\u00e9es lignes Enregistrement jusqu&rsquo;\u00e0 192 KHZ 24 bits Entr\u00e9es AES EBU Fournis avec sacoche de transport<\/p>\n","protected":false},"featured_media":192,"template":"","meta":{"jetpack_publicize_message":"","jetpack_publicize_feature_enabled":true,"jetpack_social_post_already_shared":false,"jetpack_social_options":{"image_generator_settings":{"template":"highway","default_image_id":0,"enabled":false},"version":2}},"product_brand":[],"product_cat":[20,24],"product_tag":[],"class_list":{"0":"post-191","1":"product","2":"type-product","3":"status-publish","4":"has-post-thumbnail","6":"product_cat-studio","7":"product_cat-tournage","9":"first","10":"instock","11":"shipping-taxable","12":"purchasable","13":"product-type-redq_rental"},"jetpack_publicize_connections":[],"jetpack_sharing_enabled":true,"_links":{"self":[{"href":"https:\/\/deltaprodevent.fr\/index.php\/wp-json\/wp\/v2\/product\/191","targetHints":{"allow":["GET"]}}],"collection":[{"href":"https:\/\/deltaprodevent.fr\/index.php\/wp-json\/wp\/v2\/product"}],"about":[{"href":"https:\/\/deltaprodevent.fr\/index.php\/wp-json\/wp\/v2\/types\/product"}],"wp:featuredmedia":[{"embeddable":true,"href":"https:\/\/deltaprodevent.fr\/index.php\/wp-json\/wp\/v2\/media\/192"}],"wp:attachment":[{"href":"https:\/\/deltaprodevent.fr\/index.php\/wp-json\/wp\/v2\/media?parent=191"}],"wp:term":[{"taxonomy":"product_brand","embeddable":true,"href":"https:\/\/deltaprodevent.fr\/index.php\/wp-json\/wp\/v2\/product_brand?post=191"},{"taxonomy":"product_cat","embeddable":true,"href":"https:\/\/deltaprodevent.fr\/index.php\/wp-json\/wp\/v2\/product_cat?post=191"},{"taxonomy":"product_tag","embeddable":true,"href":"https:\/\/deltaprodevent.fr\/index.php\/wp-json\/wp\/v2\/product_tag?post=191"}],"curies":[{"name":"wp","href":"https:\/\/api.w.org\/{rel}","templated":true}]}}