{"id":195,"date":"2025-07-30T10:14:36","date_gmt":"2025-07-30T10:14:36","guid":{"rendered":"https:\/\/deltaprodevent.fr\/?post_type=product&#038;p=195"},"modified":"2025-08-10T10:07:47","modified_gmt":"2025-08-10T10:07:47","slug":"sound-devices-302","status":"publish","type":"product","link":"https:\/\/deltaprodevent.fr\/index.php\/product\/sound-devices-302\/","title":{"rendered":"Sound Devices 302"},"content":{"rendered":"<h2 class=\"fx-headline fx-headline--3 fx-space-bottom--m\">Sound Devices 302<\/h2>\n<ul class=\"fx-list product-text__list\">\n<li class=\"fx-list__item list-item fx-list__item--circle\"><span class=\"fx-text fx-text--plus list-item__text\">Mixette 3 entr\u00e9es micros<\/span><\/li>\n<li class=\"fx-list__item list-item fx-list__item--circle\"><span class=\"fx-text fx-text--plus list-item__text\">Pr\u00e9ampli micro \u00e0 gain de 60 dB<\/span><\/li>\n<li>Sortie Ligne sur XLR et retour sur jack 3,5<\/li>\n<li class=\"fx-list__item list-item fx-list__item--circle\"><span class=\"fx-text fx-text--plus list-item__text\">Panoramique en LCR<\/span><\/li>\n<li class=\"fx-list__item list-item fx-list__item--circle\"><span class=\"fx-text fx-text--plus list-item__text\">Coupe bas 80 et 160 hz<\/span><\/li>\n<li class=\"fx-list__item list-item fx-list__item--circle\"><span class=\"fx-text fx-text--plus list-item__text\">Matri\u00e7age MS<\/span><\/li>\n<li>Ampli casque int\u00e9gr\u00e9<\/li>\n<li class=\"fx-list__item list-item fx-list__item--circle\"><span class=\"fx-text fx-text--plus list-item__text\">fourni avec sacoche et batterie<\/span><\/li>\n<\/ul>\n<p><img loading=\"lazy\" decoding=\"async\" class=\"alignnone size-medium wp-image-198\" src=\"https:\/\/deltaprodevent.fr\/wp-content\/uploads\/2025\/07\/302-300x300.jpg\" alt=\"\" width=\"300\" height=\"300\" srcset=\"https:\/\/deltaprodevent.fr\/wp-content\/uploads\/2025\/07\/302-300x300.jpg 300w, https:\/\/deltaprodevent.fr\/wp-content\/uploads\/2025\/07\/302-250x250.jpg 250w, https:\/\/deltaprodevent.fr\/wp-content\/uploads\/2025\/07\/302-100x100.jpg 100w, https:\/\/deltaprodevent.fr\/wp-content\/uploads\/2025\/07\/302-350x350.jpg 350w, https:\/\/deltaprodevent.fr\/wp-content\/uploads\/2025\/07\/302-150x150.jpg 150w, https:\/\/deltaprodevent.fr\/wp-content\/uploads\/2025\/07\/302-768x768.jpg 768w, https:\/\/deltaprodevent.fr\/wp-content\/uploads\/2025\/07\/302-600x600.jpg 600w, https:\/\/deltaprodevent.fr\/wp-content\/uploads\/2025\/07\/302.jpg 1000w\" sizes=\"auto, (max-width: 300px) 100vw, 300px\" \/> <img loading=\"lazy\" decoding=\"async\" class=\"alignnone size-medium wp-image-197\" src=\"https:\/\/deltaprodevent.fr\/wp-content\/uploads\/2025\/07\/302-R-300x300.webp\" alt=\"\" width=\"300\" height=\"300\" srcset=\"https:\/\/deltaprodevent.fr\/wp-content\/uploads\/2025\/07\/302-R-300x300.webp 300w, https:\/\/deltaprodevent.fr\/wp-content\/uploads\/2025\/07\/302-R-250x250.webp 250w, https:\/\/deltaprodevent.fr\/wp-content\/uploads\/2025\/07\/302-R-100x100.webp 100w, https:\/\/deltaprodevent.fr\/wp-content\/uploads\/2025\/07\/302-R-350x350.webp 350w, https:\/\/deltaprodevent.fr\/wp-content\/uploads\/2025\/07\/302-R-150x150.webp 150w, https:\/\/deltaprodevent.fr\/wp-content\/uploads\/2025\/07\/302-R-768x768.webp 768w, https:\/\/deltaprodevent.fr\/wp-content\/uploads\/2025\/07\/302-R-600x600.webp 600w, https:\/\/deltaprodevent.fr\/wp-content\/uploads\/2025\/07\/302-R.webp 1000w\" sizes=\"auto, (max-width: 300px) 100vw, 300px\" \/> <img loading=\"lazy\" decoding=\"async\" class=\"alignnone size-medium wp-image-196\" src=\"https:\/\/deltaprodevent.fr\/wp-content\/uploads\/2025\/07\/302-L-300x200.jpg\" alt=\"\" width=\"300\" height=\"200\" srcset=\"https:\/\/deltaprodevent.fr\/wp-content\/uploads\/2025\/07\/302-L-300x200.jpg 300w, https:\/\/deltaprodevent.fr\/wp-content\/uploads\/2025\/07\/302-L-250x167.jpg 250w, https:\/\/deltaprodevent.fr\/wp-content\/uploads\/2025\/07\/302-L-350x233.jpg 350w, https:\/\/deltaprodevent.fr\/wp-content\/uploads\/2025\/07\/302-L-1024x683.jpg 1024w, https:\/\/deltaprodevent.fr\/wp-content\/uploads\/2025\/07\/302-L-768x512.jpg 768w, https:\/\/deltaprodevent.fr\/wp-content\/uploads\/2025\/07\/302-L.jpg 1500w\" sizes=\"auto, (max-width: 300px) 100vw, 300px\" \/><\/p>\n","protected":false},"excerpt":{"rendered":"<p>Sound Devices 302 Mixette 3 entr\u00e9es micros Pr\u00e9ampli micro \u00e0 gain de 60 dB Sortie Ligne sur XLR et retour sur jack 3,5 Panoramique en LCR Coupe bas 80 et 160 hz Matri\u00e7age MS Ampli casque int\u00e9gr\u00e9 fourni avec sacoche et batterie<\/p>\n","protected":false},"featured_media":198,"template":"","meta":{"jetpack_publicize_message":"","jetpack_publicize_feature_enabled":true,"jetpack_social_post_already_shared":false,"jetpack_social_options":{"image_generator_settings":{"template":"highway","default_image_id":0,"enabled":false},"version":2}},"product_brand":[],"product_cat":[20,24],"product_tag":[],"class_list":{"0":"post-195","1":"product","2":"type-product","3":"status-publish","4":"has-post-thumbnail","6":"product_cat-studio","7":"product_cat-tournage","9":"first","10":"instock","11":"shipping-taxable","12":"purchasable","13":"product-type-redq_rental"},"jetpack_publicize_connections":[],"jetpack_sharing_enabled":true,"_links":{"self":[{"href":"https:\/\/deltaprodevent.fr\/index.php\/wp-json\/wp\/v2\/product\/195","targetHints":{"allow":["GET"]}}],"collection":[{"href":"https:\/\/deltaprodevent.fr\/index.php\/wp-json\/wp\/v2\/product"}],"about":[{"href":"https:\/\/deltaprodevent.fr\/index.php\/wp-json\/wp\/v2\/types\/product"}],"wp:featuredmedia":[{"embeddable":true,"href":"https:\/\/deltaprodevent.fr\/index.php\/wp-json\/wp\/v2\/media\/198"}],"wp:attachment":[{"href":"https:\/\/deltaprodevent.fr\/index.php\/wp-json\/wp\/v2\/media?parent=195"}],"wp:term":[{"taxonomy":"product_brand","embeddable":true,"href":"https:\/\/deltaprodevent.fr\/index.php\/wp-json\/wp\/v2\/product_brand?post=195"},{"taxonomy":"product_cat","embeddable":true,"href":"https:\/\/deltaprodevent.fr\/index.php\/wp-json\/wp\/v2\/product_cat?post=195"},{"taxonomy":"product_tag","embeddable":true,"href":"https:\/\/deltaprodevent.fr\/index.php\/wp-json\/wp\/v2\/product_tag?post=195"}],"curies":[{"name":"wp","href":"https:\/\/api.w.org\/{rel}","templated":true}]}}