{"id":201,"date":"2025-07-30T10:25:01","date_gmt":"2025-07-30T10:25:01","guid":{"rendered":"https:\/\/deltaprodevent.fr\/?post_type=product&#038;p=201"},"modified":"2025-08-10T10:04:41","modified_gmt":"2025-08-10T10:04:41","slug":"lexicon-pcm-90","status":"publish","type":"product","link":"https:\/\/deltaprodevent.fr\/index.php\/product\/lexicon-pcm-90\/","title":{"rendered":"Lexicon PCM 90"},"content":{"rendered":"<h2 class=\"fx-headline fx-headline--3 fx-space-bottom--m\">Lexicon PCM 90<\/h2>\n<ul class=\"fx-list product-text__list\">\n<li>Processeur d&rsquo;effets num\u00e9rique<\/li>\n<li class=\"fx-list__item list-item fx-list__item--circle\"><span class=\"fx-text fx-text--plus list-item__text\">Entr\u00e9es analogiques (XLR et Jack TRS) et num\u00e9rique (SPDIF)<\/span><\/li>\n<li class=\"fx-list__item list-item fx-list__item--circle\"><span class=\"fx-text fx-text--plus list-item__text\">Contr\u00f4le MIDI<\/span><\/li>\n<li class=\"fx-list__item list-item fx-list__item--circle\">250 programmes d&rsquo;effets<\/li>\n<\/ul>\n<p><img loading=\"lazy\" decoding=\"async\" class=\"alignnone size-medium wp-image-203\" src=\"https:\/\/deltaprodevent.fr\/wp-content\/uploads\/2025\/07\/lexicon-pcm-90-digital-reverberator-2-300x200.webp\" alt=\"\" width=\"300\" height=\"200\" \/> <img loading=\"lazy\" decoding=\"async\" class=\"alignnone size-medium wp-image-202\" src=\"https:\/\/deltaprodevent.fr\/wp-content\/uploads\/2025\/07\/lexicon-pcm-90-digital-reverberator-1-300x200.webp\" alt=\"\" width=\"300\" height=\"200\" srcset=\"https:\/\/deltaprodevent.fr\/wp-content\/uploads\/2025\/07\/lexicon-pcm-90-digital-reverberator-1-300x200.webp 300w, https:\/\/deltaprodevent.fr\/wp-content\/uploads\/2025\/07\/lexicon-pcm-90-digital-reverberator-1-250x167.webp 250w, https:\/\/deltaprodevent.fr\/wp-content\/uploads\/2025\/07\/lexicon-pcm-90-digital-reverberator-1-350x233.webp 350w, https:\/\/deltaprodevent.fr\/wp-content\/uploads\/2025\/07\/lexicon-pcm-90-digital-reverberator-1-1024x683.webp 1024w, https:\/\/deltaprodevent.fr\/wp-content\/uploads\/2025\/07\/lexicon-pcm-90-digital-reverberator-1-768x512.webp 768w, https:\/\/deltaprodevent.fr\/wp-content\/uploads\/2025\/07\/lexicon-pcm-90-digital-reverberator-1-1536x1024.webp 1536w, https:\/\/deltaprodevent.fr\/wp-content\/uploads\/2025\/07\/lexicon-pcm-90-digital-reverberator-1.webp 2048w\" sizes=\"auto, (max-width: 300px) 100vw, 300px\" \/><\/p>\n","protected":false},"excerpt":{"rendered":"<p>Lexicon PCM 90 Processeur d&rsquo;effets num\u00e9rique Entr\u00e9es analogiques (XLR et Jack TRS) et num\u00e9rique (SPDIF) Contr\u00f4le MIDI 250 programmes d&rsquo;effets<\/p>\n","protected":false},"featured_media":202,"template":"","meta":{"jetpack_publicize_message":"","jetpack_publicize_feature_enabled":true,"jetpack_social_post_already_shared":false,"jetpack_social_options":{"image_generator_settings":{"template":"highway","default_image_id":0,"enabled":false},"version":2}},"product_brand":[],"product_cat":[19,20],"product_tag":[],"class_list":{"0":"post-201","1":"product","2":"type-product","3":"status-publish","4":"has-post-thumbnail","6":"product_cat-sonorisation","7":"product_cat-studio","9":"first","10":"instock","11":"shipping-taxable","12":"purchasable","13":"product-type-redq_rental"},"jetpack_publicize_connections":[],"jetpack_sharing_enabled":true,"_links":{"self":[{"href":"https:\/\/deltaprodevent.fr\/index.php\/wp-json\/wp\/v2\/product\/201","targetHints":{"allow":["GET"]}}],"collection":[{"href":"https:\/\/deltaprodevent.fr\/index.php\/wp-json\/wp\/v2\/product"}],"about":[{"href":"https:\/\/deltaprodevent.fr\/index.php\/wp-json\/wp\/v2\/types\/product"}],"wp:featuredmedia":[{"embeddable":true,"href":"https:\/\/deltaprodevent.fr\/index.php\/wp-json\/wp\/v2\/media\/202"}],"wp:attachment":[{"href":"https:\/\/deltaprodevent.fr\/index.php\/wp-json\/wp\/v2\/media?parent=201"}],"wp:term":[{"taxonomy":"product_brand","embeddable":true,"href":"https:\/\/deltaprodevent.fr\/index.php\/wp-json\/wp\/v2\/product_brand?post=201"},{"taxonomy":"product_cat","embeddable":true,"href":"https:\/\/deltaprodevent.fr\/index.php\/wp-json\/wp\/v2\/product_cat?post=201"},{"taxonomy":"product_tag","embeddable":true,"href":"https:\/\/deltaprodevent.fr\/index.php\/wp-json\/wp\/v2\/product_tag?post=201"}],"curies":[{"name":"wp","href":"https:\/\/api.w.org\/{rel}","templated":true}]}}