{"id":204,"date":"2025-07-30T10:28:46","date_gmt":"2025-07-30T10:28:46","guid":{"rendered":"https:\/\/deltaprodevent.fr\/?post_type=product&#038;p=204"},"modified":"2025-08-10T10:01:25","modified_gmt":"2025-08-10T10:01:25","slug":"tc-electronic-m2000","status":"publish","type":"product","link":"https:\/\/deltaprodevent.fr\/index.php\/product\/tc-electronic-m2000\/","title":{"rendered":"TC Electronic M2000"},"content":{"rendered":"<h2 class=\"fx-headline fx-headline--3 fx-space-bottom--m\">TC Electronic M2000<\/h2>\n<ul class=\"fx-list product-text__list\">\n<li class=\"fx-list__item list-item fx-list__item--circle\"><span class=\"fx-text fx-text--plus list-item__text\">Processeur d&rsquo;effets num\u00e9rique\u00a0<\/span><\/li>\n<li class=\"fx-list__item list-item fx-list__item--circle\"><span class=\"fx-text fx-text--plus list-item__text\">2 moteurs d&rsquo;effets\u00a0<\/span><\/li>\n<li class=\"fx-list__item list-item fx-list__item--circle\"><span class=\"fx-text fx-text--plus list-item__text\">250 programmes diff\u00e9rents<\/span><\/li>\n<li class=\"fx-list__item list-item fx-list__item--circle\"><span class=\"fx-text fx-text--plus list-item__text\">R\u00e9ponse en fr\u00e9quence: 50 &#8211; 20 000 Hz<\/span><\/li>\n<li class=\"fx-list__item list-item fx-list__item--circle\"><span class=\"fx-text fx-text--plus list-item__text\">Entr\u00e9es et sorties analogiques (XLR) et num\u00e9rique (AES EBU et SPDIF)<\/span><\/li>\n<li class=\"fx-list__item list-item fx-list__item--circle\"><span class=\"fx-text fx-text--plus list-item__text\">Controle MIDI<\/span><\/li>\n<\/ul>\n<p><img loading=\"lazy\" decoding=\"async\" class=\"alignnone size-medium wp-image-206\" src=\"https:\/\/deltaprodevent.fr\/wp-content\/uploads\/2025\/07\/m2000r-300x225.jpg\" alt=\"\" width=\"300\" height=\"225\" srcset=\"https:\/\/deltaprodevent.fr\/wp-content\/uploads\/2025\/07\/m2000r-300x225.jpg 300w, https:\/\/deltaprodevent.fr\/wp-content\/uploads\/2025\/07\/m2000r-250x188.jpg 250w, https:\/\/deltaprodevent.fr\/wp-content\/uploads\/2025\/07\/m2000r-350x263.jpg 350w, https:\/\/deltaprodevent.fr\/wp-content\/uploads\/2025\/07\/m2000r-1024x769.jpg 1024w, https:\/\/deltaprodevent.fr\/wp-content\/uploads\/2025\/07\/m2000r-768x577.jpg 768w, https:\/\/deltaprodevent.fr\/wp-content\/uploads\/2025\/07\/m2000r.jpg 1280w\" sizes=\"auto, (max-width: 300px) 100vw, 300px\" \/> <img loading=\"lazy\" decoding=\"async\" class=\"alignnone size-medium wp-image-205\" src=\"https:\/\/deltaprodevent.fr\/wp-content\/uploads\/2025\/07\/m2000-300x188.jpg\" alt=\"\" width=\"300\" height=\"188\" srcset=\"https:\/\/deltaprodevent.fr\/wp-content\/uploads\/2025\/07\/m2000-300x188.jpg 300w, https:\/\/deltaprodevent.fr\/wp-content\/uploads\/2025\/07\/m2000-250x156.jpg 250w, https:\/\/deltaprodevent.fr\/wp-content\/uploads\/2025\/07\/m2000-350x219.jpg 350w, https:\/\/deltaprodevent.fr\/wp-content\/uploads\/2025\/07\/m2000-768x480.jpg 768w, https:\/\/deltaprodevent.fr\/wp-content\/uploads\/2025\/07\/m2000.jpg 1000w\" sizes=\"auto, (max-width: 300px) 100vw, 300px\" \/><\/p>\n","protected":false},"excerpt":{"rendered":"<p>TC Electronic M2000 Processeur d&rsquo;effets num\u00e9rique\u00a0 2 moteurs d&rsquo;effets\u00a0 250 programmes diff\u00e9rents R\u00e9ponse en fr\u00e9quence: 50 &#8211; 20 000 Hz Entr\u00e9es et sorties analogiques (XLR) et num\u00e9rique (AES EBU et SPDIF) Controle MIDI<\/p>\n","protected":false},"featured_media":205,"template":"","meta":{"jetpack_publicize_message":"","jetpack_publicize_feature_enabled":true,"jetpack_social_post_already_shared":false,"jetpack_social_options":{"image_generator_settings":{"template":"highway","default_image_id":0,"enabled":false},"version":2}},"product_brand":[],"product_cat":[19,20],"product_tag":[],"class_list":{"0":"post-204","1":"product","2":"type-product","3":"status-publish","4":"has-post-thumbnail","6":"product_cat-sonorisation","7":"product_cat-studio","9":"first","10":"instock","11":"shipping-taxable","12":"purchasable","13":"product-type-redq_rental"},"jetpack_publicize_connections":[],"jetpack_sharing_enabled":true,"_links":{"self":[{"href":"https:\/\/deltaprodevent.fr\/index.php\/wp-json\/wp\/v2\/product\/204","targetHints":{"allow":["GET"]}}],"collection":[{"href":"https:\/\/deltaprodevent.fr\/index.php\/wp-json\/wp\/v2\/product"}],"about":[{"href":"https:\/\/deltaprodevent.fr\/index.php\/wp-json\/wp\/v2\/types\/product"}],"wp:featuredmedia":[{"embeddable":true,"href":"https:\/\/deltaprodevent.fr\/index.php\/wp-json\/wp\/v2\/media\/205"}],"wp:attachment":[{"href":"https:\/\/deltaprodevent.fr\/index.php\/wp-json\/wp\/v2\/media?parent=204"}],"wp:term":[{"taxonomy":"product_brand","embeddable":true,"href":"https:\/\/deltaprodevent.fr\/index.php\/wp-json\/wp\/v2\/product_brand?post=204"},{"taxonomy":"product_cat","embeddable":true,"href":"https:\/\/deltaprodevent.fr\/index.php\/wp-json\/wp\/v2\/product_cat?post=204"},{"taxonomy":"product_tag","embeddable":true,"href":"https:\/\/deltaprodevent.fr\/index.php\/wp-json\/wp\/v2\/product_tag?post=204"}],"curies":[{"name":"wp","href":"https:\/\/api.w.org\/{rel}","templated":true}]}}