{"id":216,"date":"2025-07-30T10:48:07","date_gmt":"2025-07-30T10:48:07","guid":{"rendered":"https:\/\/deltaprodevent.fr\/?post_type=product&#038;p=216"},"modified":"2025-08-10T09:55:06","modified_gmt":"2025-08-10T09:55:06","slug":"little-lab-std","status":"publish","type":"product","link":"https:\/\/deltaprodevent.fr\/index.php\/product\/little-lab-std\/","title":{"rendered":"Little Lab STD"},"content":{"rendered":"<h2 class=\"fx-headline fx-headline--3 fx-space-bottom--m\">Little Lab STD<\/h2>\n<ul class=\"fx-list product-text__list\">\n<li class=\"fx-list__item list-item fx-list__item--circle\"><span class=\"fx-text fx-text--plus list-item__text\">Permet d&rsquo;augmenter la distance entre le musicien et l&rsquo;ampli<\/span><\/li>\n<li class=\"fx-list__item list-item fx-list__item--circle\"><span class=\"fx-text fx-text--plus list-item__text\">Jusqu&rsquo;a 30 m\u00e8tres de distance via un XLR<\/span><\/li>\n<li class=\"fx-list__item list-item fx-list__item--circle\"><span class=\"fx-text fx-text--plus list-item__text\">Sortie Directe vers ampli et Sortie suppl\u00e9mentaire vers DI<\/span><\/li>\n<li class=\"fx-list__item list-item fx-list__item--circle\"><span class=\"fx-text fx-text--plus list-item__text\">Cable sp\u00e9cial Jack\/XLR fourni<\/span><\/li>\n<li>Id\u00e9al si le guitariste est en r\u00e9gie de prise de son et l&rsquo;ampli \u00e0 distance sur le plateau de prise<\/li>\n<\/ul>\n<p><img loading=\"lazy\" decoding=\"async\" class=\"alignnone size-medium wp-image-218\" src=\"https:\/\/deltaprodevent.fr\/wp-content\/uploads\/2025\/07\/little-lab-300x300.webp\" alt=\"\" width=\"300\" height=\"300\" srcset=\"https:\/\/deltaprodevent.fr\/wp-content\/uploads\/2025\/07\/little-lab-300x300.webp 300w, https:\/\/deltaprodevent.fr\/wp-content\/uploads\/2025\/07\/little-lab-250x250.webp 250w, https:\/\/deltaprodevent.fr\/wp-content\/uploads\/2025\/07\/little-lab-100x100.webp 100w, https:\/\/deltaprodevent.fr\/wp-content\/uploads\/2025\/07\/little-lab-350x350.webp 350w, https:\/\/deltaprodevent.fr\/wp-content\/uploads\/2025\/07\/little-lab-150x150.webp 150w, https:\/\/deltaprodevent.fr\/wp-content\/uploads\/2025\/07\/little-lab-600x600.webp 600w, https:\/\/deltaprodevent.fr\/wp-content\/uploads\/2025\/07\/little-lab.webp 609w\" sizes=\"auto, (max-width: 300px) 100vw, 300px\" \/> <img loading=\"lazy\" decoding=\"async\" class=\"alignnone size-medium wp-image-217\" src=\"https:\/\/deltaprodevent.fr\/wp-content\/uploads\/2025\/07\/3f5350-Splitter2-300x183.jpg\" alt=\"\" width=\"300\" height=\"183\" srcset=\"https:\/\/deltaprodevent.fr\/wp-content\/uploads\/2025\/07\/3f5350-Splitter2-300x183.jpg 300w, https:\/\/deltaprodevent.fr\/wp-content\/uploads\/2025\/07\/3f5350-Splitter2-250x153.jpg 250w, https:\/\/deltaprodevent.fr\/wp-content\/uploads\/2025\/07\/3f5350-Splitter2-350x214.jpg 350w, https:\/\/deltaprodevent.fr\/wp-content\/uploads\/2025\/07\/3f5350-Splitter2.jpg 750w\" sizes=\"auto, (max-width: 300px) 100vw, 300px\" \/><\/p>\n","protected":false},"excerpt":{"rendered":"<p>Little Lab STD Permet d&rsquo;augmenter la distance entre le musicien et l&rsquo;ampli Jusqu&rsquo;a 30 m\u00e8tres de distance via un XLR Sortie Directe vers ampli et Sortie suppl\u00e9mentaire vers DI Cable sp\u00e9cial Jack\/XLR fourni Id\u00e9al si le guitariste est en r\u00e9gie de prise de son et l&rsquo;ampli \u00e0 distance sur le plateau de prise<\/p>\n","protected":false},"featured_media":218,"template":"","meta":{"jetpack_publicize_message":"","jetpack_publicize_feature_enabled":true,"jetpack_social_post_already_shared":false,"jetpack_social_options":{"image_generator_settings":{"template":"highway","default_image_id":0,"enabled":false},"version":2}},"product_brand":[],"product_cat":[19,20],"product_tag":[],"class_list":{"0":"post-216","1":"product","2":"type-product","3":"status-publish","4":"has-post-thumbnail","6":"product_cat-sonorisation","7":"product_cat-studio","9":"first","10":"instock","11":"shipping-taxable","12":"purchasable","13":"product-type-redq_rental"},"jetpack_publicize_connections":[],"jetpack_sharing_enabled":true,"_links":{"self":[{"href":"https:\/\/deltaprodevent.fr\/index.php\/wp-json\/wp\/v2\/product\/216","targetHints":{"allow":["GET"]}}],"collection":[{"href":"https:\/\/deltaprodevent.fr\/index.php\/wp-json\/wp\/v2\/product"}],"about":[{"href":"https:\/\/deltaprodevent.fr\/index.php\/wp-json\/wp\/v2\/types\/product"}],"wp:featuredmedia":[{"embeddable":true,"href":"https:\/\/deltaprodevent.fr\/index.php\/wp-json\/wp\/v2\/media\/218"}],"wp:attachment":[{"href":"https:\/\/deltaprodevent.fr\/index.php\/wp-json\/wp\/v2\/media?parent=216"}],"wp:term":[{"taxonomy":"product_brand","embeddable":true,"href":"https:\/\/deltaprodevent.fr\/index.php\/wp-json\/wp\/v2\/product_brand?post=216"},{"taxonomy":"product_cat","embeddable":true,"href":"https:\/\/deltaprodevent.fr\/index.php\/wp-json\/wp\/v2\/product_cat?post=216"},{"taxonomy":"product_tag","embeddable":true,"href":"https:\/\/deltaprodevent.fr\/index.php\/wp-json\/wp\/v2\/product_tag?post=216"}],"curies":[{"name":"wp","href":"https:\/\/api.w.org\/{rel}","templated":true}]}}